{"id":7837,"date":"2024-06-01T16:25:24","date_gmt":"2024-06-01T14:25:24","guid":{"rendered":"https:\/\/w2b.guru\/?page_id=7837"},"modified":"2026-02-11T00:56:14","modified_gmt":"2026-02-10T23:56:14","slug":"deutschland","status":"publish","type":"page","link":"https:\/\/w2b.guru\/en\/deutschland\/","title":{"rendered":"Ger\u00adma\u00adny"},"content":{"rendered":"<div data-elementor-type=\"wp-page\" data-elementor-id=\"7837\" class=\"elementor elementor-7837\" data-elementor-post-type=\"page\">\n\t\t\t\t<header class=\"elementor-element elementor-element-34c78a9c e-con-full e-flex e-con e-parent\" data-id=\"34c78a9c\" data-element_type=\"container\" data-e-type=\"container\" data-settings=\"{&quot;background_background&quot;:&quot;classic&quot;}\">\n\t\t<div class=\"elementor-element elementor-element-4a2d3668 e-con-full e-flex e-con e-child\" data-id=\"4a2d3668\" data-element_type=\"container\" data-e-type=\"container\" data-settings=\"{&quot;background_background&quot;:&quot;classic&quot;,&quot;position&quot;:&quot;fixed&quot;,&quot;motion_fx_motion_fx_scrolling&quot;:&quot;yes&quot;,&quot;motion_fx_opacity_effect&quot;:&quot;yes&quot;,&quot;motion_fx_opacity_direction&quot;:&quot;in-out&quot;,&quot;motion_fx_opacity_range&quot;:{&quot;unit&quot;:&quot;%&quot;,&quot;size&quot;:&quot;&quot;,&quot;sizes&quot;:{&quot;start&quot;:65,&quot;end&quot;:80}},&quot;motion_fx_range&quot;:&quot;viewport&quot;,&quot;motion_fx_opacity_level&quot;:{&quot;unit&quot;:&quot;px&quot;,&quot;size&quot;:10,&quot;sizes&quot;:[]},&quot;motion_fx_devices&quot;:[&quot;desktop&quot;,&quot;tablet_extra&quot;,&quot;tablet&quot;,&quot;mobile&quot;]}\">\n\t\t\t\t<div class=\"elementor-element elementor-element-4d65b4d3 elementor-invisible elementor-widget elementor-widget-heading\" data-id=\"4d65b4d3\" data-element_type=\"widget\" data-e-type=\"widget\" data-settings=\"{&quot;_animation&quot;:&quot;lightSpeedIn&quot;,&quot;_animation_delay&quot;:300}\" data-widget_type=\"heading.default\">\n\t\t\t\t\t<h1 class=\"elementor-heading-title elementor-size-default\">Germany<\/h1>\t\t\t\t<\/div>\n\t\t\t\t<div class=\"elementor-element elementor-element-3549d32a elementor-widget-divider--view-line_icon elementor-view-default elementor-widget-divider--element-align-center elementor-widget elementor-widget-divider\" data-id=\"3549d32a\" data-element_type=\"widget\" data-e-type=\"widget\" data-widget_type=\"divider.default\">\n\t\t\t\t\t\t\t<div class=\"elementor-divider\">\n\t\t\t<span class=\"elementor-divider-separator\">\n\t\t\t\t\t\t\t<div class=\"elementor-icon elementor-divider__element\">\n\t\t\t\t\t<svg aria-hidden=\"true\" class=\"e-font-icon-svg e-fas-camera\" viewBox=\"0 0 512 512\"><path d=\"M512 144v288c0 26.5-21.5 48-48 48H48c-26.5 0-48-21.5-48-48V144c0-26.5 21.5-48 48-48h88l12.3-32.9c7-18.7 24.9-31.1 44.9-31.1h125.5c20 0 37.9 12.4 44.9 31.1L376 96h88c26.5 0 48 21.5 48 48zM376 288c0-66.2-53.8-120-120-120s-120 53.8-120 120 53.8 120 120 120 120-53.8 120-120zm-32 0c0 48.5-39.5 88-88 88s-88-39.5-88-88 39.5-88 88-88 88 39.5 88 88z\" \/><\/svg><\/div>\n\t\t\t\t\t\t<\/span>\n\t\t<\/div>\n\t\t\t\t\t\t<\/div>\n\t\t\t\t<div class=\"elementor-element elementor-element-78e249d0 elementor-widget elementor-widget-heading\" data-id=\"78e249d0\" data-element_type=\"widget\" data-e-type=\"widget\" data-widget_type=\"heading.default\">\n\t\t\t\t\t<h2 class=\"elementor-heading-title elementor-size-default\">Am Grunde eines Problems sitzt immer ein Deutscher<\/h2>\t\t\t\t<\/div>\n\t\t\t\t<\/div>\n\t\t\t\t<\/header>\n\t\t<div class=\"elementor-element elementor-element-45c61221 e-con-full e-flex e-con e-parent\" data-id=\"45c61221\" data-element_type=\"container\" data-e-type=\"container\" data-settings=\"{&quot;background_background&quot;:&quot;classic&quot;,&quot;sticky&quot;:&quot;top&quot;,&quot;animation&quot;:&quot;none&quot;,&quot;sticky_on&quot;:[&quot;desktop&quot;,&quot;tablet_extra&quot;,&quot;tablet&quot;,&quot;mobile&quot;],&quot;sticky_offset&quot;:0,&quot;sticky_effects_offset&quot;:0,&quot;sticky_anchor_link_offset&quot;:0}\">\n\t\t\t\t<div class=\"elementor-element elementor-element-4ac63d5e elementor-widget elementor-widget-spacer\" data-id=\"4ac63d5e\" data-element_type=\"widget\" data-e-type=\"widget\" data-widget_type=\"spacer.default\">\n\t\t\t\t\t\t\t<div class=\"elementor-spacer\">\n\t\t\t<div class=\"elementor-spacer-inner\"><\/div>\n\t\t<\/div>\n\t\t\t\t\t\t<\/div>\n\t\t\t\t<\/div>\n\t\t<div class=\"elementor-element elementor-element-54a6d568 e-flex e-con-boxed e-con e-parent\" data-id=\"54a6d568\" data-element_type=\"container\" data-e-type=\"container\">\n\t\t\t\t\t<div class=\"e-con-inner\">\n\t\t<div class=\"elementor-element elementor-element-ab9b996 e-con-full e-flex e-con e-child\" data-id=\"ab9b996\" data-element_type=\"container\" data-e-type=\"container\">\n\t\t\t\t<div class=\"elementor-element elementor-element-ced4836 elementor-drop-cap-yes elementor-drop-cap-view-default elementor-widget elementor-widget-text-editor\" data-id=\"ced4836\" data-element_type=\"widget\" data-e-type=\"widget\" data-settings=\"{&quot;drop_cap&quot;:&quot;yes&quot;}\" data-widget_type=\"text-editor.default\">\n\t\t\t\t\t\t\t\t\t<p>Deutsch\u00adland, ein Land vol\u00adler Geschich\u00adte, Kul\u00adtur und atem\u00adbe\u00adrau\u00adben\u00adder Land\u00adschaf\u00adten, ist ein Para\u00addies f\u00fcr Foto\u00adgra\u00adfen. Von den male\u00adri\u00adschen D\u00f6r\u00adfern und Schl\u00f6s\u00adsern Bay\u00aderns \u00fcber die moder\u00adnen Stadt\u00adland\u00adschaf\u00adten Ber\u00adlins bis hin zu den idyl\u00adli\u00adschen Wein\u00adre\u00adgio\u00adnen am Rhein bie\u00adtet Deutsch\u00adland eine F\u00fcl\u00adle von Moti\u00adven, die jeden Foto\u00adgra\u00adfen begeis\u00adtern werden.<\/p><p>Eine der gr\u00f6\u00df\u00adten Attrak\u00adtio\u00adnen f\u00fcr Foto\u00adgra\u00adfen in Deutsch\u00adland ist die Viel\u00adfalt der Land\u00adschaf\u00adten. Die baye\u00adri\u00adschen Alpen bie\u00adten majes\u00adt\u00e4\u00adti\u00adsche Berg\u00adpan\u00adora\u00admen, kris\u00adtall\u00adkla\u00adre Seen und char\u00adman\u00adte D\u00f6r\u00adfer wie F\u00fcs\u00adsen, bekannt f\u00fcr das welt\u00adbe\u00adr\u00fchm\u00adte Schloss Neu\u00adschwan\u00adstein. Die\u00adses M\u00e4r\u00adchen\u00adschloss, ein\u00adge\u00adbet\u00adtet in eine male\u00adri\u00adsche Berg\u00adland\u00adschaft, ist ein iko\u00adni\u00adsches Motiv, das zu jeder Jah\u00adres\u00adzeit beein\u00addru\u00adckend ist. Beson\u00adders im Win\u00adter, wenn Schnee die Land\u00adschaft bedeckt, und im Herbst, wenn die B\u00e4u\u00adme in leuch\u00adten\u00adden Far\u00adben erstrah\u00adlen, bie\u00adtet Neu\u00adschwan\u00adstein unver\u00adgess\u00adli\u00adche Fotom\u00f6glichkeiten.<\/p><p>Ber\u00adlin, die pul\u00adsie\u00adren\u00adde Haupt\u00adstadt, ist ein wei\u00adte\u00adres High\u00adlight f\u00fcr Foto\u00adgra\u00adfen. Die Stadt ver\u00adeint his\u00adto\u00adri\u00adsche und moder\u00adne Archi\u00adtek\u00adtur auf fas\u00adzi\u00adnie\u00adren\u00adde Wei\u00adse. Das Bran\u00adden\u00adbur\u00adger Tor, der Ber\u00adli\u00adner Dom und das Reichs\u00adtags\u00adge\u00adb\u00e4u\u00adde sind nur eini\u00adge der vie\u00adlen Sehens\u00adw\u00fcr\u00addig\u00adkei\u00adten, die sowohl tags\u00ad\u00fcber als auch nachts im Lich\u00adter\u00adglanz spek\u00adta\u00adku\u00adl\u00e4\u00adre Moti\u00adve bie\u00adten. Die leben\u00addi\u00adge Street-Art-Sze\u00adne in Stadt\u00adtei\u00adlen wie Kreuz\u00adberg und Fried\u00adrichs\u00adhain sorgt f\u00fcr bun\u00adte und krea\u00adti\u00adve Hin\u00adter\u00adgr\u00fcn\u00adde, die jede Foto\u00adgra\u00adfie ein\u00adzig\u00adar\u00adtig machen.<\/p><p>Die roman\u00adti\u00adschen Rhein\u00adland\u00adschaf\u00adten sind ein Muss f\u00fcr jeden Foto\u00adgra\u00adfen. Der Rhein, ges\u00e4umt von mit\u00adtel\u00adal\u00adter\u00adli\u00adchen Bur\u00adgen, Wein\u00adber\u00adgen und male\u00adri\u00adschen D\u00f6r\u00adfern, bie\u00adtet eine F\u00fcl\u00adle von Foto\u00admo\u00adti\u00adven. Die Lore\u00adley, ein ber\u00fchm\u00adter Schie\u00adfer\u00adfel\u00adsen am Mit\u00adtel\u00adrhein, ist ein beson\u00adders beein\u00addru\u00adcken\u00addes Motiv, das mit sei\u00adner Sage und den spek\u00adta\u00adku\u00adl\u00e4\u00adren Aus\u00adbli\u00adcken Foto\u00adgra\u00adfen anzieht. Die zahl\u00adrei\u00adchen Wein\u00ador\u00adte ent\u00adlang des Rheins, wie Bacha\u00adrach und R\u00fcdes\u00adheim, bie\u00adten idyl\u00adli\u00adsche Kulis\u00adsen f\u00fcr stim\u00admungs\u00advol\u00adle Aufnahmen.<\/p><p>Die Nord- und Ost\u00adsee\u00adk\u00fcs\u00adte Deutsch\u00adlands bie\u00adtet eben\u00adfalls beein\u00addru\u00adcken\u00adde Foto\u00adm\u00f6g\u00adlich\u00adkei\u00adten. Die end\u00adlo\u00adsen Str\u00e4n\u00adde, male\u00adri\u00adschen D\u00fcnen\u00adland\u00adschaf\u00adten und his\u00adto\u00adri\u00adschen Leucht\u00adt\u00fcr\u00adme wie der Leucht\u00adturm Wes\u00adter\u00adhe\u00adver an der Nord\u00adsee\u00adk\u00fcs\u00adte sind beson\u00adders bei Son\u00adnen\u00adauf- und \u2011unter\u00adgang ein Traum f\u00fcr jeden Foto\u00adgra\u00adfen. Die Ost\u00adsee\u00adinseln R\u00fcgen und Use\u00addom mit ihren Krei\u00adde\u00adfel\u00adsen und See\u00adbr\u00fc\u00adcken bie\u00adten eben\u00adfalls spek\u00adta\u00adku\u00adl\u00e4\u00adre Land\u00adschaf\u00adten, die es zu ent\u00adde\u00adcken&nbsp;gilt.<\/p><p>Neben den land\u00adschaft\u00adli\u00adchen und archi\u00adtek\u00adto\u00adni\u00adschen Vor\u00adz\u00fc\u00adgen bie\u00adtet Deutsch\u00adland auch eine rei\u00adche kul\u00adtu\u00adrel\u00adle Viel\u00adfalt, die Tou\u00adris\u00adten begeis\u00adtert. Die deut\u00adschen St\u00e4d\u00adte sind bekannt f\u00fcr ihre gut erhal\u00adte\u00adnen Alt\u00adst\u00e4d\u00adte, kul\u00adtu\u00adrel\u00adlen Ver\u00adan\u00adstal\u00adtun\u00adgen und gas\u00adtro\u00adno\u00admi\u00adschen High\u00adlights. M\u00fcn\u00adchen, bekannt f\u00fcr das Okto\u00adber\u00adfest, bie\u00adtet tra\u00addi\u00adtio\u00adnel\u00adle baye\u00adri\u00adsche Kul\u00adtur und kuli\u00adna\u00adri\u00adsche Gen\u00fcs\u00adse. Dres\u00adden, mit sei\u00adner baro\u00adcken Archi\u00adtek\u00adtur und den Kunst\u00adsamm\u00adlun\u00adgen, ist ein wei\u00adte\u00adres kul\u00adtu\u00adrel\u00adles Highlight.<\/p><p>Die herz\u00adli\u00adche Gast\u00adfreund\u00adschaft der Deut\u00adschen tr\u00e4gt eben\u00adfalls zur Anzie\u00adhungs\u00adkraft des Lan\u00addes bei. Ob in den gem\u00fct\u00adli\u00adchen Bier\u00adg\u00e4r\u00adten Bay\u00aderns, den moder\u00adnen Caf\u00e9s Ber\u00adlins oder den char\u00adman\u00adten Gast\u00adh\u00e4u\u00adsern des Schwarz\u00adwalds \u2013 Besu\u00adcher wer\u00adden \u00fcber\u00adall freund\u00adlich empfangen.<\/p><p>Zusam\u00admen\u00adfas\u00adsend l\u00e4sst sich sagen, dass Deutsch\u00adland ein Land von au\u00dfer\u00adge\u00adw\u00f6hn\u00adli\u00adcher Sch\u00f6n\u00adheit und Viel\u00adfalt ist, das Foto\u00adgra\u00adfen und Tou\u00adris\u00adten glei\u00adcher\u00adma\u00ad\u00dfen begeis\u00adtert. Von den majes\u00adt\u00e4\u00adti\u00adschen Alpen \u00fcber die his\u00adto\u00adri\u00adschen St\u00e4d\u00adte bis hin zu den idyl\u00adli\u00adschen K\u00fcs\u00adten bie\u00adtet Deutsch\u00adland unz\u00e4h\u00adli\u00adge M\u00f6g\u00adlich\u00adkei\u00adten f\u00fcr beein\u00addru\u00adcken\u00adde Foto\u00adgra\u00adfien und unver\u00adgess\u00adli\u00adche Erlebnisse.<\/p>\t\t\t\t\t\t\t\t<\/div>\n\t\t\t\t<\/div>\n\t\t\t\t\t<\/div>\n\t\t\t\t<\/div>\n\t\t\t\t<\/div>","protected":false},"excerpt":{"rendered":"<p>Deutsch\u00adland Am Grun\u00adde eines Pro\u00adblems sitzt immer ein Deut\u00adscher Deutsch\u00adland, ein Land vol\u00adler Geschich\u00adte, Kul\u00adtur und atem\u00adbe\u00adrau\u00adben\u00adder Land\u00adschaf\u00adten, ist ein Para\u00addies f\u00fcr Foto\u00adgra\u00adfen. Von den male\u00adri\u00adschen D\u00f6r\u00adfern und Schl\u00f6s\u00adsern Bay\u00aderns \u00fcber die moder\u00adnen Stadt\u00adland\u00adschaf\u00adten Ber\u00adlins bis hin zu den idyl\u00adli\u00adschen Wein\u00adre\u00adgio\u00adnen am Rhein bie\u00adtet Deutsch\u00adland eine F\u00fcl\u00adle von Moti\u00adven, die jeden Foto\u00adgra\u00adfen begeis\u00adtern wer\u00adden.&nbsp;Eine&nbsp;[\u2026]<\/p>","protected":false},"author":1,"featured_media":0,"parent":0,"menu_order":0,"comment_status":"closed","ping_status":"closed","template":"elementor_theme","meta":{"_acf_changed":false,"wp_typography_post_enhancements_disabled":false,"_sitemap_exclude":false,"_sitemap_priority":"","_sitemap_frequency":"","_monsterinsights_skip_tracking":false,"_monsterinsights_sitenote_active":false,"_monsterinsights_sitenote_note":"","_monsterinsights_sitenote_category":0,"footnotes":""},"categories":[2],"tags":[],"class_list":["post-7837","page","type-page","status-publish","hentry","category-laender_countries"],"acf":[],"yoast_head":"<!-- This site is optimized with the Yoast SEO plugin v26.9 - https:\/\/yoast.com\/product\/yoast-seo-wordpress\/ -->\n<title>Deutschland - nePPomuk Photographie<\/title>\n<meta name=\"robots\" content=\"index, follow, max-snippet:-1, max-image-preview:large, max-video-preview:-1\" \/>\n<link rel=\"canonical\" href=\"https:\/\/w2b.guru\/en\/deutschland\/\" \/>\n<meta property=\"og:locale\" content=\"en_US\" \/>\n<meta property=\"og:type\" content=\"article\" \/>\n<meta property=\"og:title\" content=\"Deutschland - nePPomuk Photographie\" \/>\n<meta property=\"og:description\" content=\"Deutschland Am Grunde eines Problems sitzt immer ein Deutscher Deutschland, ein Land voller Geschichte, Kultur und atemberaubender Landschaften, ist ein Paradies f\u00fcr Fotografen. Von den malerischen D\u00f6rfern und Schl\u00f6ssern Bayerns \u00fcber die modernen Stadtlandschaften Berlins bis hin zu den idyllischen Weinregionen am Rhein bietet Deutschland eine F\u00fclle von Motiven, die jeden Fotografen begeistern werden. Eine [&hellip;]\" \/>\n<meta property=\"og:url\" content=\"https:\/\/w2b.guru\/en\/deutschland\/\" \/>\n<meta property=\"og:site_name\" content=\"nePPomuk Photographie\" \/>\n<meta property=\"article:modified_time\" content=\"2026-02-10T23:56:14+00:00\" \/>\n<meta name=\"twitter:card\" content=\"summary_large_image\" \/>\n<meta name=\"twitter:label1\" content=\"Est. reading time\" \/>\n\t<meta name=\"twitter:data1\" content=\"3 minutes\" \/>\n<script type=\"application\/ld+json\" class=\"yoast-schema-graph\">{\"@context\":\"https:\/\/schema.org\",\"@graph\":[{\"@type\":\"Article\",\"@id\":\"https:\/\/w2b.guru\/deutschland\/#article\",\"isPartOf\":{\"@id\":\"https:\/\/w2b.guru\/deutschland\/\"},\"author\":{\"name\":\"Hannes \\\"nePPomuk\\\" Endre\u00df\",\"@id\":\"https:\/\/w2b.guru\/#\/schema\/person\/cf08ea4f69dc8f28e229f4b589642289\"},\"headline\":\"Deutschland\",\"datePublished\":\"2024-06-01T14:25:24+00:00\",\"dateModified\":\"2026-02-10T23:56:14+00:00\",\"mainEntityOfPage\":{\"@id\":\"https:\/\/w2b.guru\/deutschland\/\"},\"wordCount\":503,\"publisher\":{\"@id\":\"https:\/\/w2b.guru\/#\/schema\/person\/cf08ea4f69dc8f28e229f4b589642289\"},\"articleSection\":[\"L\u00e4nder\"],\"inLanguage\":\"en-US\"},{\"@type\":\"WebPage\",\"@id\":\"https:\/\/w2b.guru\/deutschland\/\",\"url\":\"https:\/\/w2b.guru\/deutschland\/\",\"name\":\"Deutschland - nePPomuk Photographie\",\"isPartOf\":{\"@id\":\"https:\/\/w2b.guru\/#website\"},\"datePublished\":\"2024-06-01T14:25:24+00:00\",\"dateModified\":\"2026-02-10T23:56:14+00:00\",\"breadcrumb\":{\"@id\":\"https:\/\/w2b.guru\/deutschland\/#breadcrumb\"},\"inLanguage\":\"en-US\",\"potentialAction\":[{\"@type\":\"ReadAction\",\"target\":[\"https:\/\/w2b.guru\/deutschland\/\"]}]},{\"@type\":\"BreadcrumbList\",\"@id\":\"https:\/\/w2b.guru\/deutschland\/#breadcrumb\",\"itemListElement\":[{\"@type\":\"ListItem\",\"position\":1,\"name\":\"Startseite\",\"item\":\"https:\/\/w2b.guru\/\"},{\"@type\":\"ListItem\",\"position\":2,\"name\":\"Deutschland\"}]},{\"@type\":\"WebSite\",\"@id\":\"https:\/\/w2b.guru\/#website\",\"url\":\"https:\/\/w2b.guru\/\",\"name\":\"nePPomuk Photographie\",\"description\":\"Ein fr\u00e4nkischer Nasenb\u00e4r sieht die Welt ...\",\"publisher\":{\"@id\":\"https:\/\/w2b.guru\/#\/schema\/person\/cf08ea4f69dc8f28e229f4b589642289\"},\"potentialAction\":[{\"@type\":\"SearchAction\",\"target\":{\"@type\":\"EntryPoint\",\"urlTemplate\":\"https:\/\/w2b.guru\/?s={search_term_string}\"},\"query-input\":{\"@type\":\"PropertyValueSpecification\",\"valueRequired\":true,\"valueName\":\"search_term_string\"}}],\"inLanguage\":\"en-US\"},{\"@type\":[\"Person\",\"Organization\"],\"@id\":\"https:\/\/w2b.guru\/#\/schema\/person\/cf08ea4f69dc8f28e229f4b589642289\",\"name\":\"Hannes \\\"nePPomuk\\\" Endre\u00df\",\"image\":{\"@type\":\"ImageObject\",\"inLanguage\":\"en-US\",\"@id\":\"https:\/\/w2b.guru\/#\/schema\/person\/image\/\",\"url\":\"https:\/\/secure.gravatar.com\/avatar\/b7aeed86ab5d6a5a22ffe4077fda0fdd87277290825c11fdbf1a8d1432347ab4?s=96&d=mm&r=g\",\"contentUrl\":\"https:\/\/secure.gravatar.com\/avatar\/b7aeed86ab5d6a5a22ffe4077fda0fdd87277290825c11fdbf1a8d1432347ab4?s=96&d=mm&r=g\",\"caption\":\"Hannes \\\"nePPomuk\\\" Endre\u00df\"},\"logo\":{\"@id\":\"https:\/\/w2b.guru\/#\/schema\/person\/image\/\"},\"sameAs\":[\"https:\/\/w2b.guru\"],\"url\":\"https:\/\/w2b.guru\/en\/author\/neppomuk\/\"}]}<\/script>\n<!-- \/ Yoast SEO plugin. -->","yoast_head_json":{"title":"Deutsch\u00adland\u2009\u2014\u2009neP\u00adPo\u00admuk Photographie","robots":{"index":"index","follow":"follow","max-snippet":"max-snippet:-1","max-image-preview":"max-image-preview:large","max-video-preview":"max-video-preview:-1"},"canonical":"https:\/\/w2b.guru\/en\/deutschland\/","og_locale":"en_US","og_type":"article","og_title":"Deutschland - nePPomuk Photographie","og_description":"Deutschland Am Grunde eines Problems sitzt immer ein Deutscher Deutschland, ein Land voller Geschichte, Kultur und atemberaubender Landschaften, ist ein Paradies f\u00fcr Fotografen. Von den malerischen D\u00f6rfern und Schl\u00f6ssern Bayerns \u00fcber die modernen Stadtlandschaften Berlins bis hin zu den idyllischen Weinregionen am Rhein bietet Deutschland eine F\u00fclle von Motiven, die jeden Fotografen begeistern werden. Eine [&hellip;]","og_url":"https:\/\/w2b.guru\/en\/deutschland\/","og_site_name":"nePPomuk Photographie","article_modified_time":"2026-02-10T23:56:14+00:00","twitter_card":"summary_large_image","twitter_misc":{"Est. reading time":"3 minutes"},"schema":{"@context":"https:\/\/schema.org","@graph":[{"@type":"Article","@id":"https:\/\/w2b.guru\/deutschland\/#article","isPartOf":{"@id":"https:\/\/w2b.guru\/deutschland\/"},"author":{"name":"Hannes \"nePPomuk\" Endre\u00df","@id":"https:\/\/w2b.guru\/#\/schema\/person\/cf08ea4f69dc8f28e229f4b589642289"},"headline":"Deutschland","datePublished":"2024-06-01T14:25:24+00:00","dateModified":"2026-02-10T23:56:14+00:00","mainEntityOfPage":{"@id":"https:\/\/w2b.guru\/deutschland\/"},"wordCount":503,"publisher":{"@id":"https:\/\/w2b.guru\/#\/schema\/person\/cf08ea4f69dc8f28e229f4b589642289"},"articleSection":["L\u00e4nder"],"inLanguage":"en-US"},{"@type":"WebPage","@id":"https:\/\/w2b.guru\/deutschland\/","url":"https:\/\/w2b.guru\/deutschland\/","name":"Deutsch\u00adland\u2009\u2014\u2009neP\u00adPo\u00admuk Photographie","isPartOf":{"@id":"https:\/\/w2b.guru\/#website"},"datePublished":"2024-06-01T14:25:24+00:00","dateModified":"2026-02-10T23:56:14+00:00","breadcrumb":{"@id":"https:\/\/w2b.guru\/deutschland\/#breadcrumb"},"inLanguage":"en-US","potentialAction":[{"@type":"ReadAction","target":["https:\/\/w2b.guru\/deutschland\/"]}]},{"@type":"BreadcrumbList","@id":"https:\/\/w2b.guru\/deutschland\/#breadcrumb","itemListElement":[{"@type":"ListItem","position":1,"name":"Startseite","item":"https:\/\/w2b.guru\/"},{"@type":"ListItem","position":2,"name":"Deutschland"}]},{"@type":"WebSite","@id":"https:\/\/w2b.guru\/#website","url":"https:\/\/w2b.guru\/","name":"neP\u00adPo\u00admuk Photographie","description":"Ein fr\u00e4n\u00adki\u00adscher Nasen\u00adb\u00e4r sieht die&nbsp;Welt&nbsp;\u2026","publisher":{"@id":"https:\/\/w2b.guru\/#\/schema\/person\/cf08ea4f69dc8f28e229f4b589642289"},"potentialAction":[{"@type":"SearchAction","target":{"@type":"EntryPoint","urlTemplate":"https:\/\/w2b.guru\/?s={search_term_string}"},"query-input":{"@type":"PropertyValueSpecification","valueRequired":true,"valueName":"search_term_string"}}],"inLanguage":"en-US"},{"@type":["Person","Organization"],"@id":"https:\/\/w2b.guru\/#\/schema\/person\/cf08ea4f69dc8f28e229f4b589642289","name":"Han\u00adnes \u201cneP\u00adPo\u00admuk\u201d Endre\u00df","image":{"@type":"ImageObject","inLanguage":"en-US","@id":"https:\/\/w2b.guru\/#\/schema\/person\/image\/","url":"https:\/\/secure.gravatar.com\/avatar\/b7aeed86ab5d6a5a22ffe4077fda0fdd87277290825c11fdbf1a8d1432347ab4?s=96&d=mm&r=g","contentUrl":"https:\/\/secure.gravatar.com\/avatar\/b7aeed86ab5d6a5a22ffe4077fda0fdd87277290825c11fdbf1a8d1432347ab4?s=96&d=mm&r=g","caption":"Hannes \"nePPomuk\" Endre\u00df"},"logo":{"@id":"https:\/\/w2b.guru\/#\/schema\/person\/image\/"},"sameAs":["https:\/\/w2b.guru"],"url":"https:\/\/w2b.guru\/en\/author\/neppomuk\/"}]}},"_links":{"self":[{"href":"https:\/\/w2b.guru\/en\/wp-json\/wp\/v2\/pages\/7837","targetHints":{"allow":["GET"]}}],"collection":[{"href":"https:\/\/w2b.guru\/en\/wp-json\/wp\/v2\/pages"}],"about":[{"href":"https:\/\/w2b.guru\/en\/wp-json\/wp\/v2\/types\/page"}],"author":[{"embeddable":true,"href":"https:\/\/w2b.guru\/en\/wp-json\/wp\/v2\/users\/1"}],"replies":[{"embeddable":true,"href":"https:\/\/w2b.guru\/en\/wp-json\/wp\/v2\/comments?post=7837"}],"version-history":[{"count":7,"href":"https:\/\/w2b.guru\/en\/wp-json\/wp\/v2\/pages\/7837\/revisions"}],"predecessor-version":[{"id":8176,"href":"https:\/\/w2b.guru\/en\/wp-json\/wp\/v2\/pages\/7837\/revisions\/8176"}],"wp:attachment":[{"href":"https:\/\/w2b.guru\/en\/wp-json\/wp\/v2\/media?parent=7837"}],"wp:term":[{"taxonomy":"category","embeddable":true,"href":"https:\/\/w2b.guru\/en\/wp-json\/wp\/v2\/categories?post=7837"},{"taxonomy":"post_tag","embeddable":true,"href":"https:\/\/w2b.guru\/en\/wp-json\/wp\/v2\/tags?post=7837"}],"curies":[{"name":"wp","href":"https:\/\/api.w.org\/{rel}","templated":true}]}}