{"id":7833,"date":"2024-06-01T16:22:11","date_gmt":"2024-06-01T14:22:11","guid":{"rendered":"https:\/\/w2b.guru\/?page_id=7833"},"modified":"2026-02-11T00:56:28","modified_gmt":"2026-02-10T23:56:28","slug":"trentino-alto-adige","status":"publish","type":"page","link":"https:\/\/w2b.guru\/en\/italien\/trentino-alto-adige\/","title":{"rendered":"Tren\u00adti\u00adno-Alto Adige"},"content":{"rendered":"<div data-elementor-type=\"wp-page\" data-elementor-id=\"7833\" class=\"elementor elementor-7833\" data-elementor-post-type=\"page\">\n\t\t\t\t<header class=\"elementor-element elementor-element-61e75a28 e-con-full e-flex e-con e-parent\" data-id=\"61e75a28\" data-element_type=\"container\" data-e-type=\"container\" data-settings=\"{&quot;background_background&quot;:&quot;classic&quot;}\">\n\t\t<div class=\"elementor-element elementor-element-5ece5584 e-con-full e-flex e-con e-child\" data-id=\"5ece5584\" data-element_type=\"container\" data-e-type=\"container\" data-settings=\"{&quot;background_background&quot;:&quot;classic&quot;,&quot;position&quot;:&quot;fixed&quot;,&quot;motion_fx_motion_fx_scrolling&quot;:&quot;yes&quot;,&quot;motion_fx_opacity_effect&quot;:&quot;yes&quot;,&quot;motion_fx_opacity_direction&quot;:&quot;in-out&quot;,&quot;motion_fx_opacity_range&quot;:{&quot;unit&quot;:&quot;%&quot;,&quot;size&quot;:&quot;&quot;,&quot;sizes&quot;:{&quot;start&quot;:65,&quot;end&quot;:80}},&quot;motion_fx_range&quot;:&quot;viewport&quot;,&quot;motion_fx_opacity_level&quot;:{&quot;unit&quot;:&quot;px&quot;,&quot;size&quot;:10,&quot;sizes&quot;:[]},&quot;motion_fx_devices&quot;:[&quot;desktop&quot;,&quot;tablet_extra&quot;,&quot;tablet&quot;,&quot;mobile&quot;]}\">\n\t\t\t\t<div class=\"elementor-element elementor-element-3e581c4f elementor-invisible elementor-widget elementor-widget-heading\" data-id=\"3e581c4f\" data-element_type=\"widget\" data-e-type=\"widget\" data-settings=\"{&quot;_animation&quot;:&quot;lightSpeedIn&quot;,&quot;_animation_delay&quot;:300}\" data-widget_type=\"heading.default\">\n\t\t\t\t\t<h1 class=\"elementor-heading-title elementor-size-default\">Trentino-S\u00fcdtirol<\/h1>\t\t\t\t<\/div>\n\t\t\t\t<div class=\"elementor-element elementor-element-7c3099be elementor-widget-divider--view-line_icon elementor-view-default elementor-widget-divider--element-align-center elementor-widget elementor-widget-divider\" data-id=\"7c3099be\" data-element_type=\"widget\" data-e-type=\"widget\" data-widget_type=\"divider.default\">\n\t\t\t\t\t\t\t<div class=\"elementor-divider\">\n\t\t\t<span class=\"elementor-divider-separator\">\n\t\t\t\t\t\t\t<div class=\"elementor-icon elementor-divider__element\">\n\t\t\t\t\t<svg aria-hidden=\"true\" class=\"e-font-icon-svg e-fas-camera\" viewBox=\"0 0 512 512\"><path d=\"M512 144v288c0 26.5-21.5 48-48 48H48c-26.5 0-48-21.5-48-48V144c0-26.5 21.5-48 48-48h88l12.3-32.9c7-18.7 24.9-31.1 44.9-31.1h125.5c20 0 37.9 12.4 44.9 31.1L376 96h88c26.5 0 48 21.5 48 48zM376 288c0-66.2-53.8-120-120-120s-120 53.8-120 120 53.8 120 120 120 120-53.8 120-120zm-32 0c0 48.5-39.5 88-88 88s-88-39.5-88-88 39.5-88 88-88 88 39.5 88 88z\" \/><\/svg><\/div>\n\t\t\t\t\t\t<\/span>\n\t\t<\/div>\n\t\t\t\t\t\t<\/div>\n\t\t\t\t<div class=\"elementor-element elementor-element-246b44aa elementor-widget elementor-widget-heading\" data-id=\"246b44aa\" data-element_type=\"widget\" data-e-type=\"widget\" data-widget_type=\"heading.default\">\n\t\t\t\t\t<h2 class=\"elementor-heading-title elementor-size-default\">Man pflegt S\u00fcdtirol zu sagen und meint, damit w\u00e4re alles gesagt<\/h2>\t\t\t\t<\/div>\n\t\t\t\t<\/div>\n\t\t\t\t<\/header>\n\t\t<div class=\"elementor-element elementor-element-4fad13da e-con-full e-flex e-con e-parent\" data-id=\"4fad13da\" data-element_type=\"container\" data-e-type=\"container\" data-settings=\"{&quot;background_background&quot;:&quot;classic&quot;,&quot;sticky&quot;:&quot;top&quot;,&quot;animation&quot;:&quot;none&quot;,&quot;sticky_on&quot;:[&quot;desktop&quot;,&quot;tablet_extra&quot;,&quot;tablet&quot;,&quot;mobile&quot;],&quot;sticky_offset&quot;:0,&quot;sticky_effects_offset&quot;:0,&quot;sticky_anchor_link_offset&quot;:0}\">\n\t\t\t\t<div class=\"elementor-element elementor-element-b3e67fb elementor-widget elementor-widget-spacer\" data-id=\"b3e67fb\" data-element_type=\"widget\" data-e-type=\"widget\" data-widget_type=\"spacer.default\">\n\t\t\t\t\t\t\t<div class=\"elementor-spacer\">\n\t\t\t<div class=\"elementor-spacer-inner\"><\/div>\n\t\t<\/div>\n\t\t\t\t\t\t<\/div>\n\t\t\t\t<\/div>\n\t\t<div class=\"elementor-element elementor-element-57b1f0a8 e-flex e-con-boxed e-con e-parent\" data-id=\"57b1f0a8\" data-element_type=\"container\" data-e-type=\"container\">\n\t\t\t\t\t<div class=\"e-con-inner\">\n\t\t<div class=\"elementor-element elementor-element-63fd4ad1 e-con-full e-flex e-con e-child\" data-id=\"63fd4ad1\" data-element_type=\"container\" data-e-type=\"container\">\n\t\t\t\t<div class=\"elementor-element elementor-element-4f683b62 elementor-drop-cap-yes elementor-drop-cap-view-default elementor-widget elementor-widget-text-editor\" data-id=\"4f683b62\" data-element_type=\"widget\" data-e-type=\"widget\" data-settings=\"{&quot;drop_cap&quot;:&quot;yes&quot;}\" data-widget_type=\"text-editor.default\">\n\t\t\t\t\t\t\t\t\t<p>Tren\u00adti\u00adno-S\u00fcd\u00adti\u00adrol, im Nor\u00adden Ita\u00adli\u00adens gele\u00adgen, ist eine Regi\u00adon von atem\u00adbe\u00adrau\u00adben\u00adder nat\u00fcr\u00adli\u00adcher Sch\u00f6n\u00adheit und kul\u00adtu\u00adrel\u00adler Viel\u00adfalt, die Foto\u00adgra\u00adfen und Tou\u00adris\u00adten glei\u00adcher\u00adma\u00ad\u00dfen begeis\u00adtert. Die\u00adse Regi\u00adon, die sich durch ihre majes\u00adt\u00e4\u00adti\u00adschen Alpen, male\u00adri\u00adschen D\u00f6r\u00adfer und rei\u00adche Geschich\u00adte aus\u00adzeich\u00adnet, bie\u00adtet eine F\u00fcl\u00adle von Foto\u00admo\u00adti\u00adven und Erlebnissen.<\/p><p>Die Dolo\u00admi\u00adten, ein UNESCO-Welt\u00adna\u00adtur\u00ader\u00adbe, sind zwei\u00adfel\u00adlos eines der Haupt\u00adzie\u00adle f\u00fcr Foto\u00adgra\u00adfen in Tren\u00adti\u00adno-S\u00fcd\u00adti\u00adrol. Die\u00adse beein\u00addru\u00adcken\u00adden Ber\u00adge bie\u00adten dra\u00adma\u00adti\u00adsche Land\u00adschaf\u00adten mit schrof\u00adfen Gip\u00adfeln, gr\u00fc\u00adnen T\u00e4lern und kris\u00adtall\u00adkla\u00adren Seen. Beson\u00adders bei Son\u00adnen\u00adauf\u00adgang und Son\u00adnen\u00adun\u00adter\u00adgang, wenn die Ber\u00adge in war\u00admen Far\u00adben erstrah\u00adlen, ent\u00adste\u00adhen hier spek\u00adta\u00adku\u00adl\u00e4\u00adre Auf\u00adnah\u00admen. Belieb\u00adte Foto\u00adspots sind der Prags\u00ader Wild\u00adsee, auch bekannt als der \u201ePer\u00adle der Dolo\u00admi\u00adten\u201c, und die Drei Zin\u00adnen, ein iko\u00adni\u00adsches Berg\u00admas\u00adsiv, das zu den meist\u00adfo\u00adto\u00adgra\u00adfier\u00adten Moti\u00adven der Regi\u00adon geh\u00f6rt.<\/p><p>Neben den nat\u00fcr\u00adli\u00adchen Sch\u00f6n\u00adhei\u00adten bie\u00adten die St\u00e4d\u00adte und D\u00f6r\u00adfer von Tren\u00adti\u00adno-S\u00fcd\u00adti\u00adrol eben\u00adfalls reich\u00adlich foto\u00adgra\u00adfi\u00adsche Inspi\u00adra\u00adti\u00adon. Bozen, die Haupt\u00adstadt der Regi\u00adon, besticht durch ihre Mischung aus ita\u00adlie\u00adni\u00adscher und \u00f6ster\u00adrei\u00adchi\u00adscher Archi\u00adtek\u00adtur, male\u00adri\u00adschen Gas\u00adsen und his\u00adto\u00adri\u00adschen Pl\u00e4t\u00adzen. Beson\u00adders sehens\u00adwert ist der Walt\u00adher\u00adplatz mit der impo\u00adsan\u00adten Kathe\u00addra\u00adle von Bozen. Meran, bekannt f\u00fcr sei\u00adne heil\u00adkli\u00adma\u00adti\u00adschen Kur\u00ador\u00adte, bie\u00adtet mit sei\u00adnen medi\u00adter\u00adra\u00adnen G\u00e4r\u00adten und dem Schloss Trautt\u00admans\u00addorff reiz\u00advol\u00adle Fotomotive.<\/p><p>F\u00fcr Foto\u00adgra\u00adfen, die sich f\u00fcr kul\u00adtu\u00adrel\u00adle und his\u00adto\u00adri\u00adsche The\u00admen inter\u00ades\u00adsie\u00adren, ist Tren\u00adto ein abso\u00adlu\u00adtes Muss. Die Stadt beher\u00adbergt das Cas\u00adtel\u00adlo del Buon\u00adcon\u00adsiglio, eine beein\u00addru\u00adcken\u00adde Fes\u00adtung mit kunst\u00advol\u00adlen Fres\u00adken und einem herr\u00adli\u00adchen Blick \u00fcber die Stadt. Die Alt\u00adstadt von Tren\u00adto, mit ihren gut erhal\u00adte\u00adnen mit\u00adtel\u00adal\u00adter\u00adli\u00adchen Geb\u00e4u\u00adden und char\u00adman\u00adten Pl\u00e4t\u00adzen, bie\u00adtet unz\u00e4h\u00adli\u00adge M\u00f6g\u00adlich\u00adkei\u00adten f\u00fcr ein\u00addrucks\u00advol\u00adle Aufnahmen.<\/p><p>Tren\u00adti\u00adno-S\u00fcd\u00adti\u00adrol ist auch ein Para\u00addies f\u00fcr Out\u00addoor-Enthu\u00adsi\u00adas\u00adten und Aben\u00adteu\u00adrer. Die Regi\u00adon bie\u00adtet zahl\u00adrei\u00adche Akti\u00advi\u00adt\u00e4\u00adten wie Wan\u00addern, Klet\u00adtern, Moun\u00adtain\u00adbi\u00adken und im Win\u00adter Ski\u00adfah\u00adren. Die\u00adse Akti\u00advi\u00adt\u00e4\u00adten erm\u00f6g\u00adli\u00adchen es Foto\u00adgra\u00adfen, die beein\u00addru\u00adcken\u00adde Natur aus ver\u00adschie\u00adde\u00adnen Per\u00adspek\u00adti\u00adven zu erle\u00adben und zu foto\u00adgra\u00adfie\u00adren. Die Viel\u00adfalt der Land\u00adschaf\u00adten, von alpi\u00adnen Hoch\u00adge\u00adbir\u00adgen bis hin zu sanf\u00adten H\u00fcgeln und Wein\u00adber\u00adgen, macht die Regi\u00adon zu einem idea\u00adlen Ziel f\u00fcr Natur- und Landschaftsfotografie.<\/p><p>Die gas\u00adtro\u00adno\u00admi\u00adsche Sze\u00adne in Tren\u00adti\u00adno-S\u00fcd\u00adti\u00adrol tr\u00e4gt eben\u00adfalls zur Attrak\u00adti\u00advi\u00adt\u00e4t der Regi\u00adon bei. Die K\u00fcche ist eine k\u00f6st\u00adli\u00adche Mischung aus ita\u00adlie\u00adni\u00adschen und \u00f6ster\u00adrei\u00adchi\u00adschen Ein\u00adfl\u00fcs\u00adsen, die sich in Gerich\u00adten wie Kn\u00f6\u00addeln, Stru\u00addel und Polen\u00adta wider\u00adspie\u00adgeln. Loka\u00adle M\u00e4rk\u00adte und tra\u00addi\u00adtio\u00adnel\u00adle Restau\u00adrants bie\u00adten eine rei\u00adche Palet\u00adte an Foto\u00admo\u00adti\u00adven, die das kuli\u00adna\u00adri\u00adsche Erbe der Regi\u00adon einfangen.<\/p><p>Zusam\u00admen\u00adfas\u00adsend l\u00e4sst sich sagen, dass Tren\u00adti\u00adno-S\u00fcd\u00adti\u00adrol ein viel\u00adsei\u00adti\u00adges Rei\u00adse\u00adziel ist, das sowohl Foto\u00adgra\u00adfen als auch Tou\u00adris\u00adten unver\u00adgess\u00adli\u00adche Erleb\u00adnis\u00adse bie\u00adtet. Die atem\u00adbe\u00adrau\u00adben\u00adde Land\u00adschaft, die kul\u00adtu\u00adrel\u00adle Viel\u00adfalt und die herz\u00adli\u00adche Gast\u00adfreund\u00adschaft machen die\u00adse Regi\u00adon zu einem Muss f\u00fcr jeden, der Ita\u00adli\u00aden besucht. Ob Sie die dra\u00adma\u00adti\u00adschen Dolo\u00admi\u00adten erkun\u00adden, durch his\u00adto\u00adri\u00adsche St\u00e4d\u00adte schlen\u00addern oder die loka\u00adle K\u00fcche genie\u00ad\u00dfen, Tren\u00adti\u00adno-S\u00fcd\u00adti\u00adrol wird Sie mit sei\u00adner Sch\u00f6n\u00adheit und sei\u00adnem Charme verzaubern.<\/p>\t\t\t\t\t\t\t\t<\/div>\n\t\t\t\t<\/div>\n\t\t\t\t\t<\/div>\n\t\t\t\t<\/div>\n\t\t\t\t<\/div>","protected":false},"excerpt":{"rendered":"<p>Tren\u00adti\u00adno-S\u00fcd\u00adti\u00adrol Man pflegt S\u00fcd\u00adti\u00adrol zu sagen und meint, damit w\u00e4re alles gesagt Tren\u00adti\u00adno-S\u00fcd\u00adti\u00adrol, im Nor\u00adden Ita\u00adli\u00adens gele\u00adgen, ist eine Regi\u00adon von atem\u00adbe\u00adrau\u00adben\u00adder nat\u00fcr\u00adli\u00adcher Sch\u00f6n\u00adheit und kul\u00adtu\u00adrel\u00adler Viel\u00adfalt, die Foto\u00adgra\u00adfen und Tou\u00adris\u00adten glei\u00adcher\u00adma\u00ad\u00dfen begeis\u00adtert. Die\u00adse Regi\u00adon, die sich durch ihre majes\u00adt\u00e4\u00adti\u00adschen Alpen, male\u00adri\u00adschen D\u00f6r\u00adfer und rei\u00adche Geschich\u00adte aus\u00adzeich\u00adnet, bie\u00adtet eine F\u00fcl\u00adle von Foto\u00admo\u00adti\u00adven und Erleb\u00adnis\u00adsen.&nbsp;Die&nbsp;[\u2026]<\/p>","protected":false},"author":1,"featured_media":0,"parent":3954,"menu_order":0,"comment_status":"closed","ping_status":"closed","template":"elementor_theme","meta":{"_acf_changed":false,"wp_typography_post_enhancements_disabled":false,"_sitemap_exclude":false,"_sitemap_priority":"","_sitemap_frequency":"","_monsterinsights_skip_tracking":false,"_monsterinsights_sitenote_active":false,"_monsterinsights_sitenote_note":"","_monsterinsights_sitenote_category":0,"footnotes":""},"categories":[],"tags":[],"class_list":["post-7833","page","type-page","status-publish","hentry"],"acf":[],"yoast_head":"<!-- This site is optimized with the Yoast SEO plugin v26.9 - https:\/\/yoast.com\/product\/yoast-seo-wordpress\/ -->\n<title>Trentino-Alto Adige - nePPomuk Photographie<\/title>\n<meta name=\"robots\" content=\"index, follow, max-snippet:-1, max-image-preview:large, max-video-preview:-1\" \/>\n<link rel=\"canonical\" href=\"https:\/\/w2b.guru\/en\/italien\/trentino-alto-adige\/\" \/>\n<meta property=\"og:locale\" content=\"en_US\" \/>\n<meta property=\"og:type\" content=\"article\" \/>\n<meta property=\"og:title\" content=\"Trentino-Alto Adige - nePPomuk Photographie\" \/>\n<meta property=\"og:description\" content=\"Trentino-S\u00fcdtirol Man pflegt S\u00fcdtirol zu sagen und meint, damit w\u00e4re alles gesagt Trentino-S\u00fcdtirol, im Norden Italiens gelegen, ist eine Region von atemberaubender nat\u00fcrlicher Sch\u00f6nheit und kultureller Vielfalt, die Fotografen und Touristen gleicherma\u00dfen begeistert. Diese Region, die sich durch ihre majest\u00e4tischen Alpen, malerischen D\u00f6rfer und reiche Geschichte auszeichnet, bietet eine F\u00fclle von Fotomotiven und Erlebnissen. Die [&hellip;]\" \/>\n<meta property=\"og:url\" content=\"https:\/\/w2b.guru\/en\/italien\/trentino-alto-adige\/\" \/>\n<meta property=\"og:site_name\" content=\"nePPomuk Photographie\" \/>\n<meta property=\"article:modified_time\" content=\"2026-02-10T23:56:28+00:00\" \/>\n<meta name=\"twitter:card\" content=\"summary_large_image\" \/>\n<meta name=\"twitter:label1\" content=\"Est. reading time\" \/>\n\t<meta name=\"twitter:data1\" content=\"3 minutes\" \/>\n<script type=\"application\/ld+json\" class=\"yoast-schema-graph\">{\"@context\":\"https:\/\/schema.org\",\"@graph\":[{\"@type\":\"Article\",\"@id\":\"https:\/\/w2b.guru\/italien\/trentino-alto-adige\/#article\",\"isPartOf\":{\"@id\":\"https:\/\/w2b.guru\/italien\/trentino-alto-adige\/\"},\"author\":{\"name\":\"Hannes \\\"nePPomuk\\\" Endre\u00df\",\"@id\":\"https:\/\/w2b.guru\/#\/schema\/person\/cf08ea4f69dc8f28e229f4b589642289\"},\"headline\":\"Trentino-Alto Adige\",\"datePublished\":\"2024-06-01T14:22:11+00:00\",\"dateModified\":\"2026-02-10T23:56:28+00:00\",\"mainEntityOfPage\":{\"@id\":\"https:\/\/w2b.guru\/italien\/trentino-alto-adige\/\"},\"wordCount\":476,\"publisher\":{\"@id\":\"https:\/\/w2b.guru\/#\/schema\/person\/cf08ea4f69dc8f28e229f4b589642289\"},\"inLanguage\":\"en-US\"},{\"@type\":\"WebPage\",\"@id\":\"https:\/\/w2b.guru\/italien\/trentino-alto-adige\/\",\"url\":\"https:\/\/w2b.guru\/italien\/trentino-alto-adige\/\",\"name\":\"Trentino-Alto Adige - nePPomuk Photographie\",\"isPartOf\":{\"@id\":\"https:\/\/w2b.guru\/#website\"},\"datePublished\":\"2024-06-01T14:22:11+00:00\",\"dateModified\":\"2026-02-10T23:56:28+00:00\",\"breadcrumb\":{\"@id\":\"https:\/\/w2b.guru\/italien\/trentino-alto-adige\/#breadcrumb\"},\"inLanguage\":\"en-US\",\"potentialAction\":[{\"@type\":\"ReadAction\",\"target\":[\"https:\/\/w2b.guru\/italien\/trentino-alto-adige\/\"]}]},{\"@type\":\"BreadcrumbList\",\"@id\":\"https:\/\/w2b.guru\/italien\/trentino-alto-adige\/#breadcrumb\",\"itemListElement\":[{\"@type\":\"ListItem\",\"position\":1,\"name\":\"Startseite\",\"item\":\"https:\/\/w2b.guru\/\"},{\"@type\":\"ListItem\",\"position\":2,\"name\":\"Italien\",\"item\":\"https:\/\/w2b.guru\/italien\/\"},{\"@type\":\"ListItem\",\"position\":3,\"name\":\"Trentino-Alto Adige\"}]},{\"@type\":\"WebSite\",\"@id\":\"https:\/\/w2b.guru\/#website\",\"url\":\"https:\/\/w2b.guru\/\",\"name\":\"nePPomuk Photographie\",\"description\":\"Ein fr\u00e4nkischer Nasenb\u00e4r sieht die Welt ...\",\"publisher\":{\"@id\":\"https:\/\/w2b.guru\/#\/schema\/person\/cf08ea4f69dc8f28e229f4b589642289\"},\"potentialAction\":[{\"@type\":\"SearchAction\",\"target\":{\"@type\":\"EntryPoint\",\"urlTemplate\":\"https:\/\/w2b.guru\/?s={search_term_string}\"},\"query-input\":{\"@type\":\"PropertyValueSpecification\",\"valueRequired\":true,\"valueName\":\"search_term_string\"}}],\"inLanguage\":\"en-US\"},{\"@type\":[\"Person\",\"Organization\"],\"@id\":\"https:\/\/w2b.guru\/#\/schema\/person\/cf08ea4f69dc8f28e229f4b589642289\",\"name\":\"Hannes \\\"nePPomuk\\\" Endre\u00df\",\"image\":{\"@type\":\"ImageObject\",\"inLanguage\":\"en-US\",\"@id\":\"https:\/\/w2b.guru\/#\/schema\/person\/image\/\",\"url\":\"https:\/\/secure.gravatar.com\/avatar\/b7aeed86ab5d6a5a22ffe4077fda0fdd87277290825c11fdbf1a8d1432347ab4?s=96&d=mm&r=g\",\"contentUrl\":\"https:\/\/secure.gravatar.com\/avatar\/b7aeed86ab5d6a5a22ffe4077fda0fdd87277290825c11fdbf1a8d1432347ab4?s=96&d=mm&r=g\",\"caption\":\"Hannes \\\"nePPomuk\\\" Endre\u00df\"},\"logo\":{\"@id\":\"https:\/\/w2b.guru\/#\/schema\/person\/image\/\"},\"sameAs\":[\"https:\/\/w2b.guru\"],\"url\":\"https:\/\/w2b.guru\/en\/author\/neppomuk\/\"}]}<\/script>\n<!-- \/ Yoast SEO plugin. -->","yoast_head_json":{"title":"Tren\u00adti\u00adno-Alto Adi\u00adge\u2009\u2014\u2009neP\u00adPo\u00admuk Photographie","robots":{"index":"index","follow":"follow","max-snippet":"max-snippet:-1","max-image-preview":"max-image-preview:large","max-video-preview":"max-video-preview:-1"},"canonical":"https:\/\/w2b.guru\/en\/italien\/trentino-alto-adige\/","og_locale":"en_US","og_type":"article","og_title":"Trentino-Alto Adige - nePPomuk Photographie","og_description":"Trentino-S\u00fcdtirol Man pflegt S\u00fcdtirol zu sagen und meint, damit w\u00e4re alles gesagt Trentino-S\u00fcdtirol, im Norden Italiens gelegen, ist eine Region von atemberaubender nat\u00fcrlicher Sch\u00f6nheit und kultureller Vielfalt, die Fotografen und Touristen gleicherma\u00dfen begeistert. Diese Region, die sich durch ihre majest\u00e4tischen Alpen, malerischen D\u00f6rfer und reiche Geschichte auszeichnet, bietet eine F\u00fclle von Fotomotiven und Erlebnissen. Die [&hellip;]","og_url":"https:\/\/w2b.guru\/en\/italien\/trentino-alto-adige\/","og_site_name":"nePPomuk Photographie","article_modified_time":"2026-02-10T23:56:28+00:00","twitter_card":"summary_large_image","twitter_misc":{"Est. reading time":"3 minutes"},"schema":{"@context":"https:\/\/schema.org","@graph":[{"@type":"Article","@id":"https:\/\/w2b.guru\/italien\/trentino-alto-adige\/#article","isPartOf":{"@id":"https:\/\/w2b.guru\/italien\/trentino-alto-adige\/"},"author":{"name":"Hannes \"nePPomuk\" Endre\u00df","@id":"https:\/\/w2b.guru\/#\/schema\/person\/cf08ea4f69dc8f28e229f4b589642289"},"headline":"Trentino-Alto Adige","datePublished":"2024-06-01T14:22:11+00:00","dateModified":"2026-02-10T23:56:28+00:00","mainEntityOfPage":{"@id":"https:\/\/w2b.guru\/italien\/trentino-alto-adige\/"},"wordCount":476,"publisher":{"@id":"https:\/\/w2b.guru\/#\/schema\/person\/cf08ea4f69dc8f28e229f4b589642289"},"inLanguage":"en-US"},{"@type":"WebPage","@id":"https:\/\/w2b.guru\/italien\/trentino-alto-adige\/","url":"https:\/\/w2b.guru\/italien\/trentino-alto-adige\/","name":"Tren\u00adti\u00adno-Alto Adi\u00adge\u2009\u2014\u2009neP\u00adPo\u00admuk Photographie","isPartOf":{"@id":"https:\/\/w2b.guru\/#website"},"datePublished":"2024-06-01T14:22:11+00:00","dateModified":"2026-02-10T23:56:28+00:00","breadcrumb":{"@id":"https:\/\/w2b.guru\/italien\/trentino-alto-adige\/#breadcrumb"},"inLanguage":"en-US","potentialAction":[{"@type":"ReadAction","target":["https:\/\/w2b.guru\/italien\/trentino-alto-adige\/"]}]},{"@type":"BreadcrumbList","@id":"https:\/\/w2b.guru\/italien\/trentino-alto-adige\/#breadcrumb","itemListElement":[{"@type":"ListItem","position":1,"name":"Startseite","item":"https:\/\/w2b.guru\/"},{"@type":"ListItem","position":2,"name":"Italien","item":"https:\/\/w2b.guru\/italien\/"},{"@type":"ListItem","position":3,"name":"Trentino-Alto Adige"}]},{"@type":"WebSite","@id":"https:\/\/w2b.guru\/#website","url":"https:\/\/w2b.guru\/","name":"neP\u00adPo\u00admuk Photographie","description":"Ein fr\u00e4n\u00adki\u00adscher Nasen\u00adb\u00e4r sieht die&nbsp;Welt&nbsp;\u2026","publisher":{"@id":"https:\/\/w2b.guru\/#\/schema\/person\/cf08ea4f69dc8f28e229f4b589642289"},"potentialAction":[{"@type":"SearchAction","target":{"@type":"EntryPoint","urlTemplate":"https:\/\/w2b.guru\/?s={search_term_string}"},"query-input":{"@type":"PropertyValueSpecification","valueRequired":true,"valueName":"search_term_string"}}],"inLanguage":"en-US"},{"@type":["Person","Organization"],"@id":"https:\/\/w2b.guru\/#\/schema\/person\/cf08ea4f69dc8f28e229f4b589642289","name":"Han\u00adnes \u201cneP\u00adPo\u00admuk\u201d Endre\u00df","image":{"@type":"ImageObject","inLanguage":"en-US","@id":"https:\/\/w2b.guru\/#\/schema\/person\/image\/","url":"https:\/\/secure.gravatar.com\/avatar\/b7aeed86ab5d6a5a22ffe4077fda0fdd87277290825c11fdbf1a8d1432347ab4?s=96&d=mm&r=g","contentUrl":"https:\/\/secure.gravatar.com\/avatar\/b7aeed86ab5d6a5a22ffe4077fda0fdd87277290825c11fdbf1a8d1432347ab4?s=96&d=mm&r=g","caption":"Hannes \"nePPomuk\" Endre\u00df"},"logo":{"@id":"https:\/\/w2b.guru\/#\/schema\/person\/image\/"},"sameAs":["https:\/\/w2b.guru"],"url":"https:\/\/w2b.guru\/en\/author\/neppomuk\/"}]}},"_links":{"self":[{"href":"https:\/\/w2b.guru\/en\/wp-json\/wp\/v2\/pages\/7833","targetHints":{"allow":["GET"]}}],"collection":[{"href":"https:\/\/w2b.guru\/en\/wp-json\/wp\/v2\/pages"}],"about":[{"href":"https:\/\/w2b.guru\/en\/wp-json\/wp\/v2\/types\/page"}],"author":[{"embeddable":true,"href":"https:\/\/w2b.guru\/en\/wp-json\/wp\/v2\/users\/1"}],"replies":[{"embeddable":true,"href":"https:\/\/w2b.guru\/en\/wp-json\/wp\/v2\/comments?post=7833"}],"version-history":[{"count":4,"href":"https:\/\/w2b.guru\/en\/wp-json\/wp\/v2\/pages\/7833\/revisions"}],"predecessor-version":[{"id":8173,"href":"https:\/\/w2b.guru\/en\/wp-json\/wp\/v2\/pages\/7833\/revisions\/8173"}],"up":[{"embeddable":true,"href":"https:\/\/w2b.guru\/en\/wp-json\/wp\/v2\/pages\/3954"}],"wp:attachment":[{"href":"https:\/\/w2b.guru\/en\/wp-json\/wp\/v2\/media?parent=7833"}],"wp:term":[{"taxonomy":"category","embeddable":true,"href":"https:\/\/w2b.guru\/en\/wp-json\/wp\/v2\/categories?post=7833"},{"taxonomy":"post_tag","embeddable":true,"href":"https:\/\/w2b.guru\/en\/wp-json\/wp\/v2\/tags?post=7833"}],"curies":[{"name":"wp","href":"https:\/\/api.w.org\/{rel}","templated":true}]}}