{"id":5496,"date":"2024-05-12T17:53:23","date_gmt":"2024-05-12T15:53:23","guid":{"rendered":"https:\/\/w2b.guru\/?page_id=5496"},"modified":"2026-02-11T00:56:51","modified_gmt":"2026-02-10T23:56:51","slug":"dein-einstieg-ins-abenteuer","status":"publish","type":"page","link":"https:\/\/w2b.guru\/en\/","title":{"rendered":"Whe\u00adre to&nbsp;be?"},"content":{"rendered":"<div data-elementor-type=\"wp-page\" data-elementor-id=\"5496\" class=\"elementor elementor-5496\" data-elementor-post-type=\"page\">\n\t\t\t\t<div class=\"elementor-element elementor-element-9778171 e-con-full e-flex e-con e-parent\" data-id=\"9778171\" data-element_type=\"container\" data-e-type=\"container\" data-settings=\"{&quot;background_background&quot;:&quot;slideshow&quot;,&quot;background_slideshow_gallery&quot;:[{&quot;id&quot;:1434,&quot;url&quot;:&quot;https:\\\/\\\/w2b.guru\\\/wp-content\\\/uploads\\\/2021\\\/04\\\/20210404_133811-scaled-1.jpg&quot;},{&quot;id&quot;:1428,&quot;url&quot;:&quot;https:\\\/\\\/w2b.guru\\\/wp-content\\\/uploads\\\/2021\\\/04\\\/20210404_134306-scaled-1.jpg&quot;},{&quot;id&quot;:1427,&quot;url&quot;:&quot;https:\\\/\\\/w2b.guru\\\/wp-content\\\/uploads\\\/2021\\\/04\\\/20210404_133941-scaled-1.jpg&quot;},{&quot;id&quot;:1433,&quot;url&quot;:&quot;https:\\\/\\\/w2b.guru\\\/wp-content\\\/uploads\\\/2021\\\/04\\\/20210404_133136-scaled-1.jpg&quot;},{&quot;id&quot;:1432,&quot;url&quot;:&quot;https:\\\/\\\/w2b.guru\\\/wp-content\\\/uploads\\\/2021\\\/04\\\/20210404_143404-scaled-1.jpg&quot;},{&quot;id&quot;:1426,&quot;url&quot;:&quot;https:\\\/\\\/w2b.guru\\\/wp-content\\\/uploads\\\/2021\\\/04\\\/20210404_123642-scaled-1.jpg&quot;},{&quot;id&quot;:1431,&quot;url&quot;:&quot;https:\\\/\\\/w2b.guru\\\/wp-content\\\/uploads\\\/2021\\\/04\\\/20210404_142122-scaled-1.jpg&quot;},{&quot;id&quot;:1430,&quot;url&quot;:&quot;https:\\\/\\\/w2b.guru\\\/wp-content\\\/uploads\\\/2021\\\/04\\\/20210404_135650-scaled-1.jpg&quot;},{&quot;id&quot;:1429,&quot;url&quot;:&quot;https:\\\/\\\/w2b.guru\\\/wp-content\\\/uploads\\\/2021\\\/04\\\/20210404_135627-scaled-1.jpg&quot;},{&quot;id&quot;:4024,&quot;url&quot;:&quot;https:\\\/\\\/w2b.guru\\\/wp-content\\\/uploads\\\/san_francisco_painted_sisters_cover-1-scaled.jpg&quot;}],&quot;background_slideshow_lazyload&quot;:&quot;yes&quot;,&quot;background_slideshow_ken_burns&quot;:&quot;yes&quot;,&quot;background_slideshow_loop&quot;:&quot;yes&quot;,&quot;background_slideshow_slide_duration&quot;:5000,&quot;background_slideshow_slide_transition&quot;:&quot;fade&quot;,&quot;background_slideshow_transition_duration&quot;:500,&quot;background_slideshow_ken_burns_zoom_direction&quot;:&quot;in&quot;}\">\n\t\t\t\t<div class=\"elementor-element elementor-element-10a833a elementor--h-position-center elementor--v-position-middle elementor-widget elementor-widget-slides\" data-id=\"10a833a\" data-element_type=\"widget\" data-e-type=\"widget\" data-settings=\"{&quot;navigation&quot;:&quot;none&quot;,&quot;transition&quot;:&quot;fade&quot;,&quot;autoplay&quot;:&quot;yes&quot;,&quot;autoplay_speed&quot;:5000,&quot;infinite&quot;:&quot;yes&quot;,&quot;transition_speed&quot;:500}\" data-widget_type=\"slides.default\">\n\t\t\t\t\t\t\t\t\t\t<div class=\"elementor-slides-wrapper elementor-main-swiper swiper\" role=\"region\" aria-roledescription=\"carousel\" aria-label=\"Slider\" dir=\"ltr\" data-animation>\n\t\t\t\t<div class=\"swiper-wrapper elementor-slides\">\n\t\t\t\t\t\t\t\t\t\t<div class=\"elementor-repeater-item-0793600 swiper-slide\" role=\"group\" aria-roledescription=\"slide\"><div class=\"swiper-slide-bg elementor-ken-burns elementor-ken-burns--in\" role=\"img\" aria-label><\/div><a class=\"swiper-slide-inner\" href=\"https:\/\/w2b.guru\/en\/usa\/california\/san-francisco-ca\/\"><div class=\"swiper-slide-contents\"><div class=\"elementor-slide-heading\">San Fran\u00adcis\u00adco<\/div><\/div><\/a><\/div><div class=\"elementor-repeater-item-d26d452 swiper-slide\" role=\"group\" aria-roledescription=\"slide\"><div class=\"swiper-slide-bg elementor-ken-burns elementor-ken-burns--out\" role=\"img\" aria-label=\"Das Bild zeigt einen Blick auf die Altstadt von Verona, Italien. Zu sehen sind historische Geb\u00e4ude wie die Basilica di Santa Anastasia, die Cattedrale di Verona (Duomo di Verona) und der markante Torre dei Lamberti. Die typisch orangefarbenen D\u00e4cher und der Fluss Etsch pr\u00e4gen das Stadtbild.\"><\/div><div class=\"swiper-slide-inner\"><div class=\"swiper-slide-contents\"><div class=\"elementor-slide-heading\">Vero\u00adna<\/div><div class=\"elementor-button elementor-slide-button elementor-size-sm\">Hier kli\u00adcken<\/div><\/div><\/div><\/div><div class=\"elementor-repeater-item-d8d0a6c swiper-slide\" role=\"group\" aria-roledescription=\"slide\"><div class=\"swiper-slide-bg elementor-ken-burns elementor-ken-burns--in\" role=\"img\" aria-label=\"Grand Canyon, Arizona, Guano Point, Colorado River\"><\/div><a class=\"swiper-slide-inner\" href=\"https:\/\/w2b.guru\/en\/usa\/arizona\/grand-canyon-az\/\"><div class=\"swiper-slide-contents\"><div class=\"elementor-slide-heading\">Grand Can\u00adyon<\/div><\/div><\/a><\/div>\t\t\t\t<\/div>\n\t\t\t\t\t\t\t\t\t\t\t\t\t\t\t\t\t\t\t\t\t<\/div>\n\t\t\t\t\t\t\t\t<\/div>\n\t\t<div class=\"elementor-element elementor-element-6411073 e-con-full e-flex e-con e-child\" data-id=\"6411073\" data-element_type=\"container\" data-e-type=\"container\" data-settings=\"{&quot;background_background&quot;:&quot;classic&quot;,&quot;position&quot;:&quot;fixed&quot;}\">\n\t\t\t\t<div class=\"elementor-element elementor-element-60f0be5 elementor-invisible elementor-widget elementor-widget-heading\" data-id=\"60f0be5\" data-element_type=\"widget\" data-e-type=\"widget\" data-settings=\"{&quot;_animation&quot;:&quot;lightSpeedIn&quot;,&quot;_animation_delay&quot;:300}\" data-widget_type=\"heading.default\">\n\t\t\t\t\t<h1 class=\"elementor-heading-title elementor-size-default\">Come in and find&nbsp;out!<\/h1>\t\t\t\t<\/div>\n\t\t\t\t<div class=\"elementor-element elementor-element-8c61d7a elementor-widget-divider--view-line_icon elementor-view-default elementor-widget-divider--element-align-center elementor-widget elementor-widget-divider\" data-id=\"8c61d7a\" data-element_type=\"widget\" data-e-type=\"widget\" data-widget_type=\"divider.default\">\n\t\t\t\t\t\t\t<div class=\"elementor-divider\">\n\t\t\t<span class=\"elementor-divider-separator\">\n\t\t\t\t\t\t\t<div class=\"elementor-icon elementor-divider__element\">\n\t\t\t\t\t<svg aria-hidden=\"true\" class=\"e-font-icon-svg e-fas-camera\" viewBox=\"0 0 512 512\"><path d=\"M512 144v288c0 26.5-21.5 48-48 48H48c-26.5 0-48-21.5-48-48V144c0-26.5 21.5-48 48-48h88l12.3-32.9c7-18.7 24.9-31.1 44.9-31.1h125.5c20 0 37.9 12.4 44.9 31.1L376 96h88c26.5 0 48 21.5 48 48zM376 288c0-66.2-53.8-120-120-120s-120 53.8-120 120 53.8 120 120 120 120-53.8 120-120zm-32 0c0 48.5-39.5 88-88 88s-88-39.5-88-88 39.5-88 88-88 88 39.5 88 88z\" \/><\/svg><\/div>\n\t\t\t\t\t\t<\/span>\n\t\t<\/div>\n\t\t\t\t\t\t<\/div>\n\t\t\t\t<div class=\"elementor-element elementor-element-a08b809 elementor-widget elementor-widget-heading\" data-id=\"a08b809\" data-element_type=\"widget\" data-e-type=\"widget\" data-widget_type=\"heading.default\">\n\t\t\t\t\t<h2 class=\"elementor-heading-title elementor-size-default\">nePPomuk unterwegs<\/h2>\t\t\t\t<\/div>\n\t\t\t\t<\/div>\n\t\t<div class=\"elementor-element elementor-element-096c53f e-con-full e-flex e-con e-child\" data-id=\"096c53f\" data-element_type=\"container\" data-e-type=\"container\" data-settings=\"{&quot;background_background&quot;:&quot;classic&quot;,&quot;position&quot;:&quot;fixed&quot;}\">\n\t\t<div class=\"elementor-element elementor-element-040889a e-con-full e-flex e-con e-child\" data-id=\"040889a\" data-element_type=\"container\" data-e-type=\"container\">\n\t\t\t\t<\/div>\n\t\t<div class=\"elementor-element elementor-element-52a71ef e-con-full e-flex e-con e-child\" data-id=\"52a71ef\" data-element_type=\"container\" data-e-type=\"container\">\n\t\t\t\t<div class=\"elementor-element elementor-element-f231b12 elementor-widget elementor-widget-text-editor\" data-id=\"f231b12\" data-element_type=\"widget\" data-e-type=\"widget\" data-widget_type=\"text-editor.default\">\n\t\t\t\t\t\t\t\t\t<p><span style=\"color: #ffffff;\"><a style=\"color: #ffffff;\" href=\"https:\/\/w2b.guru\/en\/sitemap\/\">Site\u00admap<\/a><\/span><\/p>\t\t\t\t\t\t\t\t<\/div>\n\t\t\t\t<div class=\"elementor-element elementor-element-5472819 elementor-widget elementor-widget-text-editor\" data-id=\"5472819\" data-element_type=\"widget\" data-e-type=\"widget\" data-widget_type=\"text-editor.default\">\u00a9 2008 \u2013 2026 Han\u00adnes Endre\u00df&nbsp;<\/div>\n\t\t\t\t<div class=\"elementor-element elementor-element-e76c805 elementor-widget elementor-widget-text-editor\" data-id=\"e76c805\" data-element_type=\"widget\" data-e-type=\"widget\" data-widget_type=\"text-editor.default\">\n\t\t\t\t\t\t\t\t\t<p><span style=\"color: #ffffff;\"><a style=\"color: #ffffff;\" href=\"https:\/\/w2b.guru\/en\/impressum\/\">Impres\u00adsum<\/a><\/span><\/p>\t\t\t\t\t\t\t\t<\/div>\n\t\t\t\t<\/div>\n\t\t\t\t<\/div>\n\t\t\t\t<\/div>\n\t\t\t\t<\/div>","protected":false},"excerpt":{"rendered":"<p>San Fran\u00adcis\u00adco\u00adVe\u00adro\u00adna\u00adHier kli\u00adcken\u00adG\u00adrand Can\u00adyon Come in and find out! neP\u00adPo\u00admuk unter\u00adwegs Site\u00admap Impressum<\/p>","protected":false},"author":1,"featured_media":0,"parent":0,"menu_order":0,"comment_status":"closed","ping_status":"closed","template":"elementor_theme","meta":{"_acf_changed":false,"wp_typography_post_enhancements_disabled":false,"_sitemap_exclude":false,"_sitemap_priority":"","_sitemap_frequency":"","_monsterinsights_skip_tracking":false,"_monsterinsights_sitenote_active":false,"_monsterinsights_sitenote_note":"","_monsterinsights_sitenote_category":0,"footnotes":""},"categories":[],"tags":[],"class_list":["post-5496","page","type-page","status-publish","hentry"],"acf":[],"yoast_head":"<!-- This site is optimized with the Yoast SEO plugin v26.9 - https:\/\/yoast.com\/product\/yoast-seo-wordpress\/ -->\n<title>Where to be? Reise- und Naturblog mit eindrucksvollen Bildern aus den sch\u00f6nsten Regionen weltweit.<\/title>\n<meta name=\"description\" content=\"Entdecke mit Hannes Endre\u00df faszinierende Fotoreportagen aus dem Th\u00fcringer Wald, San Francisco, Grand\u202fCanyon, Emilia\u2011Romagna und mehr. Inspirierende Tipps f\u00fcr Natur- und St\u00e4dtereisen.\" \/>\n<meta name=\"robots\" content=\"index, follow, max-snippet:-1, max-image-preview:large, max-video-preview:-1\" \/>\n<link rel=\"canonical\" href=\"https:\/\/w2b.guru\/en\/\" \/>\n<meta property=\"og:locale\" content=\"en_US\" \/>\n<meta property=\"og:type\" content=\"article\" \/>\n<meta property=\"og:title\" content=\"Where to be? Reise- und Naturblog mit eindrucksvollen Bildern aus den sch\u00f6nsten Regionen weltweit.\" \/>\n<meta property=\"og:description\" content=\"Entdecke mit Hannes Endre\u00df faszinierende Fotoreportagen aus dem Th\u00fcringer Wald, San Francisco, Grand\u202fCanyon, Emilia\u2011Romagna und mehr. Inspirierende Tipps f\u00fcr Natur- und St\u00e4dtereisen.\" \/>\n<meta property=\"og:url\" content=\"https:\/\/w2b.guru\/en\/\" \/>\n<meta property=\"og:site_name\" content=\"nePPomuk Photographie\" \/>\n<meta property=\"article:modified_time\" content=\"2026-02-10T23:56:51+00:00\" \/>\n<meta name=\"twitter:card\" content=\"summary_large_image\" \/>\n<meta name=\"twitter:label1\" content=\"Est. reading time\" \/>\n\t<meta name=\"twitter:data1\" content=\"1 minute\" \/>\n<script type=\"application\/ld+json\" class=\"yoast-schema-graph\">{\"@context\":\"https:\/\/schema.org\",\"@graph\":[{\"@type\":\"Article\",\"@id\":\"https:\/\/w2b.guru\/#article\",\"isPartOf\":{\"@id\":\"https:\/\/w2b.guru\/\"},\"author\":{\"name\":\"Hannes \\\"nePPomuk\\\" Endre\u00df\",\"@id\":\"https:\/\/w2b.guru\/#\/schema\/person\/cf08ea4f69dc8f28e229f4b589642289\"},\"headline\":\"Where to be?\",\"datePublished\":\"2024-05-12T15:53:23+00:00\",\"dateModified\":\"2026-02-10T23:56:51+00:00\",\"mainEntityOfPage\":{\"@id\":\"https:\/\/w2b.guru\/\"},\"wordCount\":16,\"publisher\":{\"@id\":\"https:\/\/w2b.guru\/#\/schema\/person\/cf08ea4f69dc8f28e229f4b589642289\"},\"inLanguage\":\"en-US\"},{\"@type\":\"WebPage\",\"@id\":\"https:\/\/w2b.guru\/\",\"url\":\"https:\/\/w2b.guru\/\",\"name\":\"Where to be? Reise- und Naturblog mit eindrucksvollen Bildern aus den sch\u00f6nsten Regionen weltweit.\",\"isPartOf\":{\"@id\":\"https:\/\/w2b.guru\/#website\"},\"datePublished\":\"2024-05-12T15:53:23+00:00\",\"dateModified\":\"2026-02-10T23:56:51+00:00\",\"description\":\"Entdecke mit Hannes Endre\u00df faszinierende Fotoreportagen aus dem Th\u00fcringer Wald, San Francisco, Grand\u202fCanyon, Emilia\u2011Romagna und mehr. Inspirierende Tipps f\u00fcr Natur- und St\u00e4dtereisen.\",\"breadcrumb\":{\"@id\":\"https:\/\/w2b.guru\/#breadcrumb\"},\"inLanguage\":\"en-US\",\"potentialAction\":[{\"@type\":\"ReadAction\",\"target\":[\"https:\/\/w2b.guru\/\"]}]},{\"@type\":\"BreadcrumbList\",\"@id\":\"https:\/\/w2b.guru\/#breadcrumb\",\"itemListElement\":[{\"@type\":\"ListItem\",\"position\":1,\"name\":\"Startseite\",\"item\":\"https:\/\/w2b.guru\/\"},{\"@type\":\"ListItem\",\"position\":2,\"name\":\"Die Reise beginnt\"}]},{\"@type\":\"WebSite\",\"@id\":\"https:\/\/w2b.guru\/#website\",\"url\":\"https:\/\/w2b.guru\/\",\"name\":\"nePPomuk Photographie\",\"description\":\"Ein fr\u00e4nkischer Nasenb\u00e4r sieht die Welt ...\",\"publisher\":{\"@id\":\"https:\/\/w2b.guru\/#\/schema\/person\/cf08ea4f69dc8f28e229f4b589642289\"},\"potentialAction\":[{\"@type\":\"SearchAction\",\"target\":{\"@type\":\"EntryPoint\",\"urlTemplate\":\"https:\/\/w2b.guru\/?s={search_term_string}\"},\"query-input\":{\"@type\":\"PropertyValueSpecification\",\"valueRequired\":true,\"valueName\":\"search_term_string\"}}],\"inLanguage\":\"en-US\"},{\"@type\":[\"Person\",\"Organization\"],\"@id\":\"https:\/\/w2b.guru\/#\/schema\/person\/cf08ea4f69dc8f28e229f4b589642289\",\"name\":\"Hannes \\\"nePPomuk\\\" Endre\u00df\",\"image\":{\"@type\":\"ImageObject\",\"inLanguage\":\"en-US\",\"@id\":\"https:\/\/w2b.guru\/#\/schema\/person\/image\/\",\"url\":\"https:\/\/secure.gravatar.com\/avatar\/b7aeed86ab5d6a5a22ffe4077fda0fdd87277290825c11fdbf1a8d1432347ab4?s=96&d=mm&r=g\",\"contentUrl\":\"https:\/\/secure.gravatar.com\/avatar\/b7aeed86ab5d6a5a22ffe4077fda0fdd87277290825c11fdbf1a8d1432347ab4?s=96&d=mm&r=g\",\"caption\":\"Hannes \\\"nePPomuk\\\" Endre\u00df\"},\"logo\":{\"@id\":\"https:\/\/w2b.guru\/#\/schema\/person\/image\/\"},\"sameAs\":[\"https:\/\/w2b.guru\"],\"url\":\"https:\/\/w2b.guru\/en\/author\/neppomuk\/\"}]}<\/script>\n<!-- \/ Yoast SEO plugin. -->","yoast_head_json":{"title":"Whe\u00adre to be? Rei\u00adse- und Natur\u00adblog mit ein\u00addrucks\u00advol\u00adlen Bil\u00addern aus den sch\u00f6ns\u00adten Regio\u00adnen weltweit.","description":"Ent\u00adde\u00adcke mit Han\u00adnes End\u00adre\u00df fas\u00adzi\u00adnie\u00adren\u00adde Foto\u00adre\u00adpor\u00adta\u00adgen aus dem Th\u00fc\u00adrin\u00adger Wald, San Fran\u00adcis\u00adco, Grand&nbsp;Can\u00adyon, Emilia\u2011Romagna und mehr. Inspi\u00adrie\u00adren\u00adde Tipps f\u00fcr Natur- und St\u00e4dtereisen.","robots":{"index":"index","follow":"follow","max-snippet":"max-snippet:-1","max-image-preview":"max-image-preview:large","max-video-preview":"max-video-preview:-1"},"canonical":"https:\/\/w2b.guru\/en\/","og_locale":"en_US","og_type":"article","og_title":"Where to be? Reise- und Naturblog mit eindrucksvollen Bildern aus den sch\u00f6nsten Regionen weltweit.","og_description":"Entdecke mit Hannes Endre\u00df faszinierende Fotoreportagen aus dem Th\u00fcringer Wald, San Francisco, Grand\u202fCanyon, Emilia\u2011Romagna und mehr. Inspirierende Tipps f\u00fcr Natur- und St\u00e4dtereisen.","og_url":"https:\/\/w2b.guru\/en\/","og_site_name":"nePPomuk Photographie","article_modified_time":"2026-02-10T23:56:51+00:00","twitter_card":"summary_large_image","twitter_misc":{"Est. reading time":"1 minute"},"schema":{"@context":"https:\/\/schema.org","@graph":[{"@type":"Article","@id":"https:\/\/w2b.guru\/#article","isPartOf":{"@id":"https:\/\/w2b.guru\/"},"author":{"name":"Hannes \"nePPomuk\" Endre\u00df","@id":"https:\/\/w2b.guru\/#\/schema\/person\/cf08ea4f69dc8f28e229f4b589642289"},"headline":"Where to be?","datePublished":"2024-05-12T15:53:23+00:00","dateModified":"2026-02-10T23:56:51+00:00","mainEntityOfPage":{"@id":"https:\/\/w2b.guru\/"},"wordCount":16,"publisher":{"@id":"https:\/\/w2b.guru\/#\/schema\/person\/cf08ea4f69dc8f28e229f4b589642289"},"inLanguage":"en-US"},{"@type":"WebPage","@id":"https:\/\/w2b.guru\/","url":"https:\/\/w2b.guru\/","name":"Whe\u00adre to be? Rei\u00adse- und Natur\u00adblog mit ein\u00addrucks\u00advol\u00adlen Bil\u00addern aus den sch\u00f6ns\u00adten Regio\u00adnen weltweit.","isPartOf":{"@id":"https:\/\/w2b.guru\/#website"},"datePublished":"2024-05-12T15:53:23+00:00","dateModified":"2026-02-10T23:56:51+00:00","description":"Ent\u00adde\u00adcke mit Han\u00adnes End\u00adre\u00df fas\u00adzi\u00adnie\u00adren\u00adde Foto\u00adre\u00adpor\u00adta\u00adgen aus dem Th\u00fc\u00adrin\u00adger Wald, San Fran\u00adcis\u00adco, Grand&nbsp;Can\u00adyon, Emilia\u2011Romagna und mehr. Inspi\u00adrie\u00adren\u00adde Tipps f\u00fcr Natur- und St\u00e4dtereisen.","breadcrumb":{"@id":"https:\/\/w2b.guru\/#breadcrumb"},"inLanguage":"en-US","potentialAction":[{"@type":"ReadAction","target":["https:\/\/w2b.guru\/"]}]},{"@type":"BreadcrumbList","@id":"https:\/\/w2b.guru\/#breadcrumb","itemListElement":[{"@type":"ListItem","position":1,"name":"Startseite","item":"https:\/\/w2b.guru\/"},{"@type":"ListItem","position":2,"name":"Die Reise beginnt"}]},{"@type":"WebSite","@id":"https:\/\/w2b.guru\/#website","url":"https:\/\/w2b.guru\/","name":"neP\u00adPo\u00admuk Photographie","description":"Ein fr\u00e4n\u00adki\u00adscher Nasen\u00adb\u00e4r sieht die&nbsp;Welt&nbsp;\u2026","publisher":{"@id":"https:\/\/w2b.guru\/#\/schema\/person\/cf08ea4f69dc8f28e229f4b589642289"},"potentialAction":[{"@type":"SearchAction","target":{"@type":"EntryPoint","urlTemplate":"https:\/\/w2b.guru\/?s={search_term_string}"},"query-input":{"@type":"PropertyValueSpecification","valueRequired":true,"valueName":"search_term_string"}}],"inLanguage":"en-US"},{"@type":["Person","Organization"],"@id":"https:\/\/w2b.guru\/#\/schema\/person\/cf08ea4f69dc8f28e229f4b589642289","name":"Han\u00adnes \u201cneP\u00adPo\u00admuk\u201d Endre\u00df","image":{"@type":"ImageObject","inLanguage":"en-US","@id":"https:\/\/w2b.guru\/#\/schema\/person\/image\/","url":"https:\/\/secure.gravatar.com\/avatar\/b7aeed86ab5d6a5a22ffe4077fda0fdd87277290825c11fdbf1a8d1432347ab4?s=96&d=mm&r=g","contentUrl":"https:\/\/secure.gravatar.com\/avatar\/b7aeed86ab5d6a5a22ffe4077fda0fdd87277290825c11fdbf1a8d1432347ab4?s=96&d=mm&r=g","caption":"Hannes \"nePPomuk\" Endre\u00df"},"logo":{"@id":"https:\/\/w2b.guru\/#\/schema\/person\/image\/"},"sameAs":["https:\/\/w2b.guru"],"url":"https:\/\/w2b.guru\/en\/author\/neppomuk\/"}]}},"_links":{"self":[{"href":"https:\/\/w2b.guru\/en\/wp-json\/wp\/v2\/pages\/5496","targetHints":{"allow":["GET"]}}],"collection":[{"href":"https:\/\/w2b.guru\/en\/wp-json\/wp\/v2\/pages"}],"about":[{"href":"https:\/\/w2b.guru\/en\/wp-json\/wp\/v2\/types\/page"}],"author":[{"embeddable":true,"href":"https:\/\/w2b.guru\/en\/wp-json\/wp\/v2\/users\/1"}],"replies":[{"embeddable":true,"href":"https:\/\/w2b.guru\/en\/wp-json\/wp\/v2\/comments?post=5496"}],"version-history":[{"count":10,"href":"https:\/\/w2b.guru\/en\/wp-json\/wp\/v2\/pages\/5496\/revisions"}],"predecessor-version":[{"id":16174,"href":"https:\/\/w2b.guru\/en\/wp-json\/wp\/v2\/pages\/5496\/revisions\/16174"}],"wp:attachment":[{"href":"https:\/\/w2b.guru\/en\/wp-json\/wp\/v2\/media?parent=5496"}],"wp:term":[{"taxonomy":"category","embeddable":true,"href":"https:\/\/w2b.guru\/en\/wp-json\/wp\/v2\/categories?post=5496"},{"taxonomy":"post_tag","embeddable":true,"href":"https:\/\/w2b.guru\/en\/wp-json\/wp\/v2\/tags?post=5496"}],"curies":[{"name":"wp","href":"https:\/\/api.w.org\/{rel}","templated":true}]}}