{"id":3954,"date":"2022-08-17T20:26:35","date_gmt":"2022-08-17T18:26:35","guid":{"rendered":"https:\/\/w2b.guru\/?page_id=3954"},"modified":"2026-02-11T01:03:37","modified_gmt":"2026-02-11T00:03:37","slug":"italien","status":"publish","type":"page","link":"https:\/\/w2b.guru\/en\/italien\/","title":{"rendered":"Ita\u00adly"},"content":{"rendered":"<div data-elementor-type=\"wp-page\" data-elementor-id=\"3954\" class=\"elementor elementor-3954\" data-elementor-post-type=\"page\">\n\t\t\t\t<header class=\"elementor-element elementor-element-820a652 e-con-full e-flex e-con e-parent\" data-id=\"820a652\" data-element_type=\"container\" data-e-type=\"container\" data-settings=\"{&quot;background_background&quot;:&quot;classic&quot;}\">\n\t\t<div class=\"elementor-element elementor-element-222bd355 e-con-full e-flex e-con e-child\" data-id=\"222bd355\" data-element_type=\"container\" data-e-type=\"container\" data-settings=\"{&quot;background_background&quot;:&quot;classic&quot;,&quot;position&quot;:&quot;fixed&quot;,&quot;motion_fx_motion_fx_scrolling&quot;:&quot;yes&quot;,&quot;motion_fx_opacity_effect&quot;:&quot;yes&quot;,&quot;motion_fx_opacity_direction&quot;:&quot;in-out&quot;,&quot;motion_fx_opacity_range&quot;:{&quot;unit&quot;:&quot;%&quot;,&quot;size&quot;:&quot;&quot;,&quot;sizes&quot;:{&quot;start&quot;:65,&quot;end&quot;:80}},&quot;motion_fx_range&quot;:&quot;viewport&quot;,&quot;motion_fx_opacity_level&quot;:{&quot;unit&quot;:&quot;px&quot;,&quot;size&quot;:10,&quot;sizes&quot;:[]},&quot;motion_fx_devices&quot;:[&quot;desktop&quot;,&quot;tablet_extra&quot;,&quot;tablet&quot;,&quot;mobile&quot;]}\">\n\t\t\t\t<div class=\"elementor-element elementor-element-22c46d8b elementor-invisible elementor-widget elementor-widget-heading\" data-id=\"22c46d8b\" data-element_type=\"widget\" data-e-type=\"widget\" data-settings=\"{&quot;_animation&quot;:&quot;lightSpeedIn&quot;,&quot;_animation_delay&quot;:300}\" data-widget_type=\"heading.default\">\n\t\t\t\t\t<h1 class=\"elementor-heading-title elementor-size-default\">Italy<\/h1>\t\t\t\t<\/div>\n\t\t\t\t<div class=\"elementor-element elementor-element-1ef3bce3 elementor-widget-divider--view-line_icon elementor-view-default elementor-widget-divider--element-align-center elementor-widget elementor-widget-divider\" data-id=\"1ef3bce3\" data-element_type=\"widget\" data-e-type=\"widget\" data-widget_type=\"divider.default\">\n\t\t\t\t\t\t\t<div class=\"elementor-divider\">\n\t\t\t<span class=\"elementor-divider-separator\">\n\t\t\t\t\t\t\t<div class=\"elementor-icon elementor-divider__element\">\n\t\t\t\t\t<svg aria-hidden=\"true\" class=\"e-font-icon-svg e-fas-camera\" viewBox=\"0 0 512 512\"><path d=\"M512 144v288c0 26.5-21.5 48-48 48H48c-26.5 0-48-21.5-48-48V144c0-26.5 21.5-48 48-48h88l12.3-32.9c7-18.7 24.9-31.1 44.9-31.1h125.5c20 0 37.9 12.4 44.9 31.1L376 96h88c26.5 0 48 21.5 48 48zM376 288c0-66.2-53.8-120-120-120s-120 53.8-120 120 53.8 120 120 120 120-53.8 120-120zm-32 0c0 48.5-39.5 88-88 88s-88-39.5-88-88 39.5-88 88-88 88 39.5 88 88z\" \/><\/svg><\/div>\n\t\t\t\t\t\t<\/span>\n\t\t<\/div>\n\t\t\t\t\t\t<\/div>\n\t\t\t\t<div class=\"elementor-element elementor-element-7f1d044b elementor-widget elementor-widget-heading\" data-id=\"7f1d044b\" data-element_type=\"widget\" data-e-type=\"widget\" data-widget_type=\"heading.default\">\n\t\t\t\t\t<h2 class=\"elementor-heading-title elementor-size-default\">La dolce&nbsp;vita<\/h2>\t\t\t\t<\/div>\n\t\t\t\t<\/div>\n\t\t\t\t<\/header>\n\t\t<div class=\"elementor-element elementor-element-7badfa69 e-con-full e-flex e-con e-parent\" data-id=\"7badfa69\" data-element_type=\"container\" data-e-type=\"container\" data-settings=\"{&quot;background_background&quot;:&quot;classic&quot;,&quot;sticky&quot;:&quot;top&quot;,&quot;animation&quot;:&quot;none&quot;,&quot;sticky_on&quot;:[&quot;desktop&quot;,&quot;tablet_extra&quot;,&quot;tablet&quot;,&quot;mobile&quot;],&quot;sticky_offset&quot;:0,&quot;sticky_effects_offset&quot;:0,&quot;sticky_anchor_link_offset&quot;:0}\">\n\t\t\t\t<div class=\"elementor-element elementor-element-74d3d33d elementor-widget elementor-widget-spacer\" data-id=\"74d3d33d\" data-element_type=\"widget\" data-e-type=\"widget\" data-widget_type=\"spacer.default\">\n\t\t\t\t\t\t\t<div class=\"elementor-spacer\">\n\t\t\t<div class=\"elementor-spacer-inner\"><\/div>\n\t\t<\/div>\n\t\t\t\t\t\t<\/div>\n\t\t\t\t<\/div>\n\t\t<div class=\"elementor-element elementor-element-7c976025 e-flex e-con-boxed e-con e-parent\" data-id=\"7c976025\" data-element_type=\"container\" data-e-type=\"container\">\n\t\t\t\t\t<div class=\"e-con-inner\">\n\t\t<div class=\"elementor-element elementor-element-e3eaf1d e-con-full e-flex e-con e-child\" data-id=\"e3eaf1d\" data-element_type=\"container\" data-e-type=\"container\">\n\t\t\t\t<div class=\"elementor-element elementor-element-106a5e43 elementor-drop-cap-yes elementor-drop-cap-view-default elementor-widget elementor-widget-text-editor\" data-id=\"106a5e43\" data-element_type=\"widget\" data-e-type=\"widget\" data-settings=\"{&quot;drop_cap&quot;:&quot;yes&quot;}\" data-widget_type=\"text-editor.default\">\n\t\t\t\t\t\t\t\t\t<p>Ita\u00adli\u00aden, ein Land reich an Geschich\u00adte, Kul\u00adtur und nat\u00fcr\u00adli\u00adcher Sch\u00f6n\u00adheit, ist ein Para\u00addies f\u00fcr Foto\u00adgra\u00adfen. Von den male\u00adri\u00adschen Land\u00adschaf\u00adten der Tos\u00adka\u00adna \u00fcber die anti\u00adken Rui\u00adnen Roms bis hin zu den atem\u00adbe\u00adrau\u00adben\u00adden K\u00fcs\u00adten der Amal\u00adfi\u00adk\u00fcs\u00adte bie\u00adtet Ita\u00adli\u00aden eine F\u00fcl\u00adle von Moti\u00adven, die jeden Foto\u00adgra\u00adfen begeistern.<\/p><p>Die Tos\u00adka\u00adna ist beson\u00adders bekannt f\u00fcr ihre sanf\u00adten H\u00fcgel, Zypres\u00adsen\u00adal\u00adleen und char\u00adman\u00adten mit\u00adtel\u00adal\u00adter\u00adli\u00adchen D\u00f6r\u00adfer. Orte wie San Gimigna\u00adno und Sie\u00adna bie\u00adten nicht nur his\u00adto\u00adri\u00adsche Archi\u00adtek\u00adtur, son\u00addern auch spek\u00adta\u00adku\u00adl\u00e4\u00adre Aus\u00adbli\u00adcke, die sich per\u00adfekt f\u00fcr die Land\u00adschafts\u00adfo\u00adto\u00adgra\u00adfie eig\u00adnen. Die Regi\u00adon ist auch bekannt f\u00fcr ihre Wein\u00adber\u00adge und Oli\u00adven\u00adhai\u00adne, die eine reiz\u00advol\u00adle Kulis\u00adse f\u00fcr jede Foto\u00adgra\u00adfie bieten.<\/p><p>Rom, die ewi\u00adge Stadt, ist ein Muss f\u00fcr jeden Foto\u00adgra\u00adfen. Die Stadt ist ein leben\u00addi\u00adges Muse\u00adum mit beein\u00addru\u00adcken\u00adden Monu\u00admen\u00adten wie dem Kolos\u00adse\u00adum, dem Pan\u00adthe\u00adon und dem Forum Roma\u00adn\u00adum. Jede Ecke Roms erz\u00e4hlt eine Geschich\u00adte, und die engen Gas\u00adsen, majes\u00adt\u00e4\u00adti\u00adschen Pl\u00e4t\u00adze und beein\u00addru\u00adcken\u00adden Brun\u00adnen bie\u00adten unz\u00e4h\u00adli\u00adge Foto\u00admo\u00adti\u00adve. Beson\u00adders bei Son\u00adnen\u00adun\u00adter\u00adgang oder nachts, wenn die Monu\u00admen\u00adte beleuch\u00adtet sind, erstrahlt die Stadt in einem magi\u00adschen Licht, das sich per\u00adfekt f\u00fcr die Foto\u00adgra\u00adfie eignet.<\/p><p>Die Amal\u00adfi\u00adk\u00fcs\u00adte ist ein wei\u00adte\u00adres High\u00adlight f\u00fcr Foto\u00adgra\u00adfen. Mit ihren stei\u00adlen Klip\u00adpen, male\u00adri\u00adschen D\u00f6r\u00adfern und kris\u00adtall\u00adkla\u00adrem Was\u00adser bie\u00adtet die K\u00fcs\u00adte eini\u00adge der spek\u00adta\u00adku\u00adl\u00e4rs\u00adten Aus\u00adsich\u00adten Ita\u00adli\u00adens. Orte wie Posi\u00adta\u00adno und Ravel\u00adlo bie\u00adten atem\u00adbe\u00adrau\u00adben\u00adde Pan\u00adora\u00admen, die sich ide\u00adal f\u00fcr Land\u00adschafts- und Rei\u00adse\u00adfo\u00adto\u00adgra\u00adfie eig\u00adnen. Die bun\u00adten H\u00e4u\u00adser, die sich an die H\u00e4n\u00adge schmie\u00adgen, und die schma\u00adlen, ver\u00adwin\u00adkel\u00adten Gas\u00adsen bie\u00adten unz\u00e4h\u00adli\u00adge M\u00f6g\u00adlich\u00adkei\u00adten f\u00fcr krea\u00adti\u00adve Aufnahmen.<\/p><p>Auch Vene\u00addig, die Stadt der Kan\u00e4\u00adle, ist ein Traum f\u00fcr Foto\u00adgra\u00adfen. Die male\u00adri\u00adschen Kan\u00e4\u00adle, his\u00adto\u00adri\u00adschen Pal\u00e4s\u00adte und die ber\u00fchm\u00adten Gon\u00addeln bie\u00adten eine roman\u00adti\u00adsche und ein\u00adzig\u00adar\u00adti\u00adge Kulis\u00adse. Beson\u00adders bei Son\u00adnen\u00adauf\u00adgang, wenn die Stadt noch schl\u00e4ft und die ers\u00adten Son\u00adnen\u00adstrah\u00adlen die Lagu\u00adne erhel\u00adlen, las\u00adsen sich hier au\u00dfer\u00adge\u00adw\u00f6hn\u00adli\u00adche Fotos machen.<\/p><p>F\u00fcr Tou\u00adris\u00adten bie\u00adtet Ita\u00adli\u00aden nicht nur eine Viel\u00adzahl von Foto\u00admo\u00adti\u00adven, son\u00addern auch ein rei\u00adches kul\u00adtu\u00adrel\u00adles Erleb\u00adnis. Die ita\u00adlie\u00adni\u00adsche K\u00fcche, bekannt f\u00fcr ihre Viel\u00adfalt und Qua\u00adli\u00adt\u00e4t, ist ein Genuss f\u00fcr jeden Gau\u00admen. Von fri\u00adscher Pas\u00adta und Piz\u00adza bis hin zu k\u00f6st\u00adli\u00adchen Mee\u00adres\u00adfr\u00fcch\u00adten und deli\u00adka\u00adten Des\u00adserts bie\u00adtet die ita\u00adlie\u00adni\u00adsche Gas\u00adtro\u00adno\u00admie unver\u00adgess\u00adli\u00adche kuli\u00adna\u00adri\u00adsche Erlebnisse.<\/p><p>Die freund\u00adli\u00adchen und gast\u00adfreund\u00adli\u00adchen Men\u00adschen tra\u00adgen eben\u00adfalls zur Attrak\u00adti\u00advi\u00adt\u00e4t Ita\u00adli\u00adens bei. Die Ita\u00adlie\u00adner sind stolz auf ihre Kul\u00adtur und tei\u00adlen sie ger\u00adne mit Besu\u00adchern. Ob in den beleb\u00adten Stra\u00ad\u00dfen von Nea\u00adpel, den ruhi\u00adgen D\u00f6r\u00adfern der Tos\u00adka\u00adna oder den his\u00adto\u00adri\u00adschen St\u00e4d\u00adten wie Flo\u00adrenz und Mai\u00adland, Tou\u00adris\u00adten wer\u00adden sich \u00fcber\u00adall will\u00adkom\u00admen f\u00fchlen.<\/p><p>Zusam\u00admen\u00adfas\u00adsend l\u00e4sst sich sagen, dass Ita\u00adli\u00aden ein wah\u00adres Juwel f\u00fcr Foto\u00adgra\u00adfen und Tou\u00adris\u00adten glei\u00adcher\u00adma\u00ad\u00dfen ist. Die Kom\u00adbi\u00adna\u00adti\u00adon aus atem\u00adbe\u00adrau\u00adben\u00adden Land\u00adschaf\u00adten, rei\u00adcher Geschich\u00adte, k\u00f6st\u00adli\u00adcher K\u00fcche und warm\u00adher\u00adzi\u00adger Gast\u00adfreund\u00adschaft macht Ita\u00adli\u00aden zu einem unver\u00adgess\u00adli\u00adchen Rei\u00adse\u00adziel. Jeder Besuch bie\u00adtet neue Ent\u00adde\u00adckun\u00adgen und end\u00adlo\u00adse M\u00f6g\u00adlich\u00adkei\u00adten f\u00fcr beein\u00addru\u00adcken\u00adde Fotografien.<\/p>\t\t\t\t\t\t\t\t<\/div>\n\t\t\t\t<\/div>\n\t\t\t\t\t<\/div>\n\t\t\t\t<\/div>\n\t\t\t\t<\/div>","protected":false},"excerpt":{"rendered":"<p>Ita\u00adli\u00aden La dol\u00adce vita Ita\u00adli\u00aden, ein Land reich an Geschich\u00adte, Kul\u00adtur und nat\u00fcr\u00adli\u00adcher Sch\u00f6n\u00adheit, ist ein Para\u00addies f\u00fcr Foto\u00adgra\u00adfen. Von den male\u00adri\u00adschen Land\u00adschaf\u00adten der Tos\u00adka\u00adna \u00fcber die anti\u00adken Rui\u00adnen Roms bis hin zu den atem\u00adbe\u00adrau\u00adben\u00adden K\u00fcs\u00adten der Amal\u00adfi\u00adk\u00fcs\u00adte bie\u00adtet Ita\u00adli\u00aden eine F\u00fcl\u00adle von Moti\u00adven, die jeden Foto\u00adgra\u00adfen begeis\u00adtern. Die Tos\u00adka\u00adna ist beson\u00adders bekannt f\u00fcr&nbsp;ihre&nbsp;[\u2026]<\/p>","protected":false},"author":1,"featured_media":0,"parent":0,"menu_order":0,"comment_status":"closed","ping_status":"closed","template":"elementor_theme","meta":{"_acf_changed":false,"wp_typography_post_enhancements_disabled":false,"_sitemap_exclude":false,"_sitemap_priority":"","_sitemap_frequency":"","_monsterinsights_skip_tracking":false,"_monsterinsights_sitenote_active":false,"_monsterinsights_sitenote_note":"","_monsterinsights_sitenote_category":0,"footnotes":""},"categories":[2],"tags":[],"class_list":["post-3954","page","type-page","status-publish","hentry","category-laender_countries"],"acf":[],"yoast_head":"<!-- This site is optimized with the Yoast SEO plugin v26.9 - https:\/\/yoast.com\/product\/yoast-seo-wordpress\/ -->\n<title>Italien - nePPomuk Photographie<\/title>\n<meta name=\"robots\" content=\"index, follow, max-snippet:-1, max-image-preview:large, max-video-preview:-1\" \/>\n<link rel=\"canonical\" href=\"https:\/\/w2b.guru\/en\/italien\/\" \/>\n<meta property=\"og:locale\" content=\"en_US\" \/>\n<meta property=\"og:type\" content=\"article\" \/>\n<meta property=\"og:title\" content=\"Italien - nePPomuk Photographie\" \/>\n<meta property=\"og:description\" content=\"Italien La dolce vita Italien, ein Land reich an Geschichte, Kultur und nat\u00fcrlicher Sch\u00f6nheit, ist ein Paradies f\u00fcr Fotografen. Von den malerischen Landschaften der Toskana \u00fcber die antiken Ruinen Roms bis hin zu den atemberaubenden K\u00fcsten der Amalfik\u00fcste bietet Italien eine F\u00fclle von Motiven, die jeden Fotografen begeistern. Die Toskana ist besonders bekannt f\u00fcr ihre [&hellip;]\" \/>\n<meta property=\"og:url\" content=\"https:\/\/w2b.guru\/en\/italien\/\" \/>\n<meta property=\"og:site_name\" content=\"nePPomuk Photographie\" \/>\n<meta property=\"article:modified_time\" content=\"2026-02-11T00:03:37+00:00\" \/>\n<meta name=\"twitter:card\" content=\"summary_large_image\" \/>\n<meta name=\"twitter:label1\" content=\"Est. reading time\" \/>\n\t<meta name=\"twitter:data1\" content=\"3 minutes\" \/>\n<script type=\"application\/ld+json\" class=\"yoast-schema-graph\">{\"@context\":\"https:\/\/schema.org\",\"@graph\":[{\"@type\":\"Article\",\"@id\":\"https:\/\/w2b.guru\/italien\/#article\",\"isPartOf\":{\"@id\":\"https:\/\/w2b.guru\/italien\/\"},\"author\":{\"name\":\"Hannes \\\"nePPomuk\\\" Endre\u00df\",\"@id\":\"https:\/\/w2b.guru\/#\/schema\/person\/cf08ea4f69dc8f28e229f4b589642289\"},\"headline\":\"Italien\",\"datePublished\":\"2022-08-17T18:26:35+00:00\",\"dateModified\":\"2026-02-11T00:03:37+00:00\",\"mainEntityOfPage\":{\"@id\":\"https:\/\/w2b.guru\/italien\/\"},\"wordCount\":483,\"publisher\":{\"@id\":\"https:\/\/w2b.guru\/#\/schema\/person\/cf08ea4f69dc8f28e229f4b589642289\"},\"articleSection\":[\"L\u00e4nder\"],\"inLanguage\":\"en-US\"},{\"@type\":\"WebPage\",\"@id\":\"https:\/\/w2b.guru\/italien\/\",\"url\":\"https:\/\/w2b.guru\/italien\/\",\"name\":\"Italien - nePPomuk Photographie\",\"isPartOf\":{\"@id\":\"https:\/\/w2b.guru\/#website\"},\"datePublished\":\"2022-08-17T18:26:35+00:00\",\"dateModified\":\"2026-02-11T00:03:37+00:00\",\"breadcrumb\":{\"@id\":\"https:\/\/w2b.guru\/italien\/#breadcrumb\"},\"inLanguage\":\"en-US\",\"potentialAction\":[{\"@type\":\"ReadAction\",\"target\":[\"https:\/\/w2b.guru\/italien\/\"]}]},{\"@type\":\"BreadcrumbList\",\"@id\":\"https:\/\/w2b.guru\/italien\/#breadcrumb\",\"itemListElement\":[{\"@type\":\"ListItem\",\"position\":1,\"name\":\"Startseite\",\"item\":\"https:\/\/w2b.guru\/\"},{\"@type\":\"ListItem\",\"position\":2,\"name\":\"Italien\"}]},{\"@type\":\"WebSite\",\"@id\":\"https:\/\/w2b.guru\/#website\",\"url\":\"https:\/\/w2b.guru\/\",\"name\":\"nePPomuk Photographie\",\"description\":\"Ein fr\u00e4nkischer Nasenb\u00e4r sieht die Welt ...\",\"publisher\":{\"@id\":\"https:\/\/w2b.guru\/#\/schema\/person\/cf08ea4f69dc8f28e229f4b589642289\"},\"potentialAction\":[{\"@type\":\"SearchAction\",\"target\":{\"@type\":\"EntryPoint\",\"urlTemplate\":\"https:\/\/w2b.guru\/?s={search_term_string}\"},\"query-input\":{\"@type\":\"PropertyValueSpecification\",\"valueRequired\":true,\"valueName\":\"search_term_string\"}}],\"inLanguage\":\"en-US\"},{\"@type\":[\"Person\",\"Organization\"],\"@id\":\"https:\/\/w2b.guru\/#\/schema\/person\/cf08ea4f69dc8f28e229f4b589642289\",\"name\":\"Hannes \\\"nePPomuk\\\" Endre\u00df\",\"image\":{\"@type\":\"ImageObject\",\"inLanguage\":\"en-US\",\"@id\":\"https:\/\/w2b.guru\/#\/schema\/person\/image\/\",\"url\":\"https:\/\/secure.gravatar.com\/avatar\/b7aeed86ab5d6a5a22ffe4077fda0fdd87277290825c11fdbf1a8d1432347ab4?s=96&d=mm&r=g\",\"contentUrl\":\"https:\/\/secure.gravatar.com\/avatar\/b7aeed86ab5d6a5a22ffe4077fda0fdd87277290825c11fdbf1a8d1432347ab4?s=96&d=mm&r=g\",\"caption\":\"Hannes \\\"nePPomuk\\\" Endre\u00df\"},\"logo\":{\"@id\":\"https:\/\/w2b.guru\/#\/schema\/person\/image\/\"},\"sameAs\":[\"https:\/\/w2b.guru\"],\"url\":\"https:\/\/w2b.guru\/en\/author\/neppomuk\/\"}]}<\/script>\n<!-- \/ Yoast SEO plugin. -->","yoast_head_json":{"title":"Ita\u00adli\u00aden\u2009\u2014\u2009neP\u00adPo\u00admuk Photographie","robots":{"index":"index","follow":"follow","max-snippet":"max-snippet:-1","max-image-preview":"max-image-preview:large","max-video-preview":"max-video-preview:-1"},"canonical":"https:\/\/w2b.guru\/en\/italien\/","og_locale":"en_US","og_type":"article","og_title":"Italien - nePPomuk Photographie","og_description":"Italien La dolce vita Italien, ein Land reich an Geschichte, Kultur und nat\u00fcrlicher Sch\u00f6nheit, ist ein Paradies f\u00fcr Fotografen. Von den malerischen Landschaften der Toskana \u00fcber die antiken Ruinen Roms bis hin zu den atemberaubenden K\u00fcsten der Amalfik\u00fcste bietet Italien eine F\u00fclle von Motiven, die jeden Fotografen begeistern. Die Toskana ist besonders bekannt f\u00fcr ihre [&hellip;]","og_url":"https:\/\/w2b.guru\/en\/italien\/","og_site_name":"nePPomuk Photographie","article_modified_time":"2026-02-11T00:03:37+00:00","twitter_card":"summary_large_image","twitter_misc":{"Est. reading time":"3 minutes"},"schema":{"@context":"https:\/\/schema.org","@graph":[{"@type":"Article","@id":"https:\/\/w2b.guru\/italien\/#article","isPartOf":{"@id":"https:\/\/w2b.guru\/italien\/"},"author":{"name":"Hannes \"nePPomuk\" Endre\u00df","@id":"https:\/\/w2b.guru\/#\/schema\/person\/cf08ea4f69dc8f28e229f4b589642289"},"headline":"Italien","datePublished":"2022-08-17T18:26:35+00:00","dateModified":"2026-02-11T00:03:37+00:00","mainEntityOfPage":{"@id":"https:\/\/w2b.guru\/italien\/"},"wordCount":483,"publisher":{"@id":"https:\/\/w2b.guru\/#\/schema\/person\/cf08ea4f69dc8f28e229f4b589642289"},"articleSection":["L\u00e4nder"],"inLanguage":"en-US"},{"@type":"WebPage","@id":"https:\/\/w2b.guru\/italien\/","url":"https:\/\/w2b.guru\/italien\/","name":"Ita\u00adli\u00aden\u2009\u2014\u2009neP\u00adPo\u00admuk Photographie","isPartOf":{"@id":"https:\/\/w2b.guru\/#website"},"datePublished":"2022-08-17T18:26:35+00:00","dateModified":"2026-02-11T00:03:37+00:00","breadcrumb":{"@id":"https:\/\/w2b.guru\/italien\/#breadcrumb"},"inLanguage":"en-US","potentialAction":[{"@type":"ReadAction","target":["https:\/\/w2b.guru\/italien\/"]}]},{"@type":"BreadcrumbList","@id":"https:\/\/w2b.guru\/italien\/#breadcrumb","itemListElement":[{"@type":"ListItem","position":1,"name":"Startseite","item":"https:\/\/w2b.guru\/"},{"@type":"ListItem","position":2,"name":"Italien"}]},{"@type":"WebSite","@id":"https:\/\/w2b.guru\/#website","url":"https:\/\/w2b.guru\/","name":"neP\u00adPo\u00admuk Photographie","description":"Ein fr\u00e4n\u00adki\u00adscher Nasen\u00adb\u00e4r sieht die&nbsp;Welt&nbsp;\u2026","publisher":{"@id":"https:\/\/w2b.guru\/#\/schema\/person\/cf08ea4f69dc8f28e229f4b589642289"},"potentialAction":[{"@type":"SearchAction","target":{"@type":"EntryPoint","urlTemplate":"https:\/\/w2b.guru\/?s={search_term_string}"},"query-input":{"@type":"PropertyValueSpecification","valueRequired":true,"valueName":"search_term_string"}}],"inLanguage":"en-US"},{"@type":["Person","Organization"],"@id":"https:\/\/w2b.guru\/#\/schema\/person\/cf08ea4f69dc8f28e229f4b589642289","name":"Han\u00adnes \u201cneP\u00adPo\u00admuk\u201d Endre\u00df","image":{"@type":"ImageObject","inLanguage":"en-US","@id":"https:\/\/w2b.guru\/#\/schema\/person\/image\/","url":"https:\/\/secure.gravatar.com\/avatar\/b7aeed86ab5d6a5a22ffe4077fda0fdd87277290825c11fdbf1a8d1432347ab4?s=96&d=mm&r=g","contentUrl":"https:\/\/secure.gravatar.com\/avatar\/b7aeed86ab5d6a5a22ffe4077fda0fdd87277290825c11fdbf1a8d1432347ab4?s=96&d=mm&r=g","caption":"Hannes \"nePPomuk\" Endre\u00df"},"logo":{"@id":"https:\/\/w2b.guru\/#\/schema\/person\/image\/"},"sameAs":["https:\/\/w2b.guru"],"url":"https:\/\/w2b.guru\/en\/author\/neppomuk\/"}]}},"_links":{"self":[{"href":"https:\/\/w2b.guru\/en\/wp-json\/wp\/v2\/pages\/3954","targetHints":{"allow":["GET"]}}],"collection":[{"href":"https:\/\/w2b.guru\/en\/wp-json\/wp\/v2\/pages"}],"about":[{"href":"https:\/\/w2b.guru\/en\/wp-json\/wp\/v2\/types\/page"}],"author":[{"embeddable":true,"href":"https:\/\/w2b.guru\/en\/wp-json\/wp\/v2\/users\/1"}],"replies":[{"embeddable":true,"href":"https:\/\/w2b.guru\/en\/wp-json\/wp\/v2\/comments?post=3954"}],"version-history":[{"count":10,"href":"https:\/\/w2b.guru\/en\/wp-json\/wp\/v2\/pages\/3954\/revisions"}],"predecessor-version":[{"id":16403,"href":"https:\/\/w2b.guru\/en\/wp-json\/wp\/v2\/pages\/3954\/revisions\/16403"}],"wp:attachment":[{"href":"https:\/\/w2b.guru\/en\/wp-json\/wp\/v2\/media?parent=3954"}],"wp:term":[{"taxonomy":"category","embeddable":true,"href":"https:\/\/w2b.guru\/en\/wp-json\/wp\/v2\/categories?post=3954"},{"taxonomy":"post_tag","embeddable":true,"href":"https:\/\/w2b.guru\/en\/wp-json\/wp\/v2\/tags?post=3954"}],"curies":[{"name":"wp","href":"https:\/\/api.w.org\/{rel}","templated":true}]}}