{"id":3549,"date":"2022-08-16T20:19:10","date_gmt":"2022-08-16T18:19:10","guid":{"rendered":"https:\/\/w2b.guru\/?page_id=3549"},"modified":"2026-02-13T15:12:44","modified_gmt":"2026-02-13T14:12:44","slug":"impressum","status":"publish","type":"page","link":"https:\/\/w2b.guru\/en\/impressum\/","title":{"rendered":"Impres\u00adsum"},"content":{"rendered":"<div data-elementor-type=\"wp-page\" data-elementor-id=\"3549\" class=\"elementor elementor-3549\" data-elementor-post-type=\"page\">\n\t\t\t\t<main class=\"elementor-element elementor-element-7c303eb e-con-full e-flex e-con e-parent\" data-id=\"7c303eb\" data-element_type=\"container\" data-e-type=\"container\">\n\t\t<article class=\"elementor-element elementor-element-41bcf6a9 e-con-full e-flex e-con e-child\" data-id=\"41bcf6a9\" data-element_type=\"container\" data-e-type=\"container\">\n\t\t<section class=\"elementor-element elementor-element-4f5b017b e-con-full e-flex e-con e-child\" data-id=\"4f5b017b\" data-element_type=\"container\" data-e-type=\"container\" data-settings=\"{&quot;background_background&quot;:&quot;slideshow&quot;,&quot;sticky&quot;:&quot;top&quot;,&quot;background_slideshow_gallery&quot;:[{&quot;id&quot;:15744,&quot;url&quot;:&quot;https:\\\/\\\/w2b.guru\\\/wp-content\\\/uploads\\\/cover_IMG_2732-Kopie.webp&quot;},{&quot;id&quot;:15402,&quot;url&quot;:&quot;https:\\\/\\\/w2b.guru\\\/wp-content\\\/uploads\\\/cover_IMG_0814-Kopie.webp&quot;},{&quot;id&quot;:15379,&quot;url&quot;:&quot;https:\\\/\\\/w2b.guru\\\/wp-content\\\/uploads\\\/cover_IMG_0653-Kopie.webp&quot;},{&quot;id&quot;:15350,&quot;url&quot;:&quot;https:\\\/\\\/w2b.guru\\\/wp-content\\\/uploads\\\/cover_IMG_0632-Kopie.webp&quot;},{&quot;id&quot;:15334,&quot;url&quot;:&quot;https:\\\/\\\/w2b.guru\\\/wp-content\\\/uploads\\\/cover_IMG_0492-Kopie.webp&quot;},{&quot;id&quot;:15220,&quot;url&quot;:&quot;https:\\\/\\\/w2b.guru\\\/wp-content\\\/uploads\\\/cover_MG_5241-Kopie.webp&quot;},{&quot;id&quot;:15222,&quot;url&quot;:&quot;https:\\\/\\\/w2b.guru\\\/wp-content\\\/uploads\\\/cover_MG_5217-Kopie.webp&quot;},{&quot;id&quot;:15251,&quot;url&quot;:&quot;https:\\\/\\\/w2b.guru\\\/wp-content\\\/uploads\\\/cover_IMG_9796-Kopie.webp&quot;},{&quot;id&quot;:15283,&quot;url&quot;:&quot;https:\\\/\\\/w2b.guru\\\/wp-content\\\/uploads\\\/cover_IMG_4262-Kopie.webp&quot;},{&quot;id&quot;:15332,&quot;url&quot;:&quot;https:\\\/\\\/w2b.guru\\\/wp-content\\\/uploads\\\/cover_IMG_0621-Kopie.webp&quot;},{&quot;id&quot;:13424,&quot;url&quot;:&quot;https:\\\/\\\/w2b.guru\\\/wp-content\\\/uploads\\\/kernkraftwerk_grafenrheinfeld_nacht_cover.webp&quot;},{&quot;id&quot;:13409,&quot;url&quot;:&quot;https:\\\/\\\/w2b.guru\\\/wp-content\\\/uploads\\\/kkw_grafenrheinfeld_sonnenuntergang_cover.webp&quot;},{&quot;id&quot;:13418,&quot;url&quot;:&quot;https:\\\/\\\/w2b.guru\\\/wp-content\\\/uploads\\\/kkw_grafenrheinfeld_sonnenuntergang_winter_cover.webp&quot;},{&quot;id&quot;:13266,&quot;url&quot;:&quot;https:\\\/\\\/w2b.guru\\\/wp-content\\\/uploads\\\/klappbruecke_husum_blick_binnenhafen_cover.webp&quot;},{&quot;id&quot;:13248,&quot;url&quot;:&quot;https:\\\/\\\/w2b.guru\\\/wp-content\\\/uploads\\\/husum_marktplatz_marienkirche_tine-brunnen_cover.webp&quot;},{&quot;id&quot;:13242,&quot;url&quot;:&quot;https:\\\/\\\/w2b.guru\\\/wp-content\\\/uploads\\\/husum_binnenhafen_rathaus_cover.webp&quot;},{&quot;id&quot;:13234,&quot;url&quot;:&quot;https:\\\/\\\/w2b.guru\\\/wp-content\\\/uploads\\\/schloss_vor_husum_cover.webp&quot;},{&quot;id&quot;:13232,&quot;url&quot;:&quot;https:\\\/\\\/w2b.guru\\\/wp-content\\\/uploads\\\/cover_husum_binnenhafen_ms-nordertor.webp&quot;},{&quot;id&quot;:12886,&quot;url&quot;:&quot;https:\\\/\\\/w2b.guru\\\/wp-content\\\/uploads\\\/cover_hoover_dam_facilities-nav-e1746494267342.jpg&quot;},{&quot;id&quot;:9966,&quot;url&quot;:&quot;https:\\\/\\\/w2b.guru\\\/wp-content\\\/uploads\\\/cover_piazza_matteotti_mit_kirches_santa_maria_nascente-scaled.jpg&quot;},{&quot;id&quot;:9796,&quot;url&quot;:&quot;https:\\\/\\\/w2b.guru\\\/wp-content\\\/uploads\\\/cover_wartburg_24_thueringer_wald-scaled-1-e1737221973189.jpg&quot;},{&quot;id&quot;:9795,&quot;url&quot;:&quot;https:\\\/\\\/w2b.guru\\\/wp-content\\\/uploads\\\/cover_drachenschlucht_thueringer_wald-scaled-1-e1737221928418.jpg&quot;},{&quot;id&quot;:9787,&quot;url&quot;:&quot;https:\\\/\\\/w2b.guru\\\/wp-content\\\/uploads\\\/cover_via_f_cavalotti_brescello-1-scaled.jpg&quot;},{&quot;id&quot;:9786,&quot;url&quot;:&quot;https:\\\/\\\/w2b.guru\\\/wp-content\\\/uploads\\\/cover_via_giosue_carducci_brescello-1-scaled.jpg&quot;},{&quot;id&quot;:9782,&quot;url&quot;:&quot;https:\\\/\\\/w2b.guru\\\/wp-content\\\/uploads\\\/cover_via_giosue_carducci_brescello-scaled-e1737220221154.jpg&quot;},{&quot;id&quot;:9781,&quot;url&quot;:&quot;https:\\\/\\\/w2b.guru\\\/wp-content\\\/uploads\\\/cover_via_f_cavalotti_brescello-scaled-e1737220303998.jpg&quot;},{&quot;id&quot;:9749,&quot;url&quot;:&quot;https:\\\/\\\/w2b.guru\\\/wp-content\\\/uploads\\\/cover_peppone_brescello-1-scaled.jpg&quot;},{&quot;id&quot;:9748,&quot;url&quot;:&quot;https:\\\/\\\/w2b.guru\\\/wp-content\\\/uploads\\\/cover_don_camillo_brescello-1-scaled.jpg&quot;},{&quot;id&quot;:9679,&quot;url&quot;:&quot;https:\\\/\\\/w2b.guru\\\/wp-content\\\/uploads\\\/cover_hoover_dam_facilities-scaled.jpg&quot;},{&quot;id&quot;:9636,&quot;url&quot;:&quot;https:\\\/\\\/w2b.guru\\\/wp-content\\\/uploads\\\/cover_wartburg_22_thueringer_wald-scaled.jpg&quot;},{&quot;id&quot;:9629,&quot;url&quot;:&quot;https:\\\/\\\/w2b.guru\\\/wp-content\\\/uploads\\\/cover_wartburg_24_thueringer_wald-scaled.jpg&quot;},{&quot;id&quot;:9579,&quot;url&quot;:&quot;https:\\\/\\\/w2b.guru\\\/wp-content\\\/uploads\\\/cover_drachenschlucht_thueringer_wald-scaled.jpg&quot;},{&quot;id&quot;:9405,&quot;url&quot;:&quot;https:\\\/\\\/w2b.guru\\\/wp-content\\\/uploads\\\/cover_jamaa_el_fna_fifth_district_police_station-scaled.jpg&quot;},{&quot;id&quot;:9404,&quot;url&quot;:&quot;https:\\\/\\\/w2b.guru\\\/wp-content\\\/uploads\\\/cover_jamaa_el_fna_freche_fruechte-scaled.jpg&quot;},{&quot;id&quot;:9403,&quot;url&quot;:&quot;https:\\\/\\\/w2b.guru\\\/wp-content\\\/uploads\\\/cover_jamaa_el_fna_cafe_montreal-scaled.jpg&quot;},{&quot;id&quot;:9402,&quot;url&quot;:&quot;https:\\\/\\\/w2b.guru\\\/wp-content\\\/uploads\\\/cover_handwerk_fusswerk-scaled.jpg&quot;},{&quot;id&quot;:9401,&quot;url&quot;:&quot;https:\\\/\\\/w2b.guru\\\/wp-content\\\/uploads\\\/cover_aladin_und_die_wunderlampe-scaled.jpg&quot;},{&quot;id&quot;:9400,&quot;url&quot;:&quot;https:\\\/\\\/w2b.guru\\\/wp-content\\\/uploads\\\/cover_pass_prince_moulay_rachid_blickrichtung_sued-scaled.jpg&quot;},{&quot;id&quot;:8972,&quot;url&quot;:&quot;https:\\\/\\\/w2b.guru\\\/wp-content\\\/uploads\\\/Cover_Gardone_Riviera_Sonnenaufgang-1-scaled.jpg&quot;},{&quot;id&quot;:8965,&quot;url&quot;:&quot;https:\\\/\\\/w2b.guru\\\/wp-content\\\/uploads\\\/Cover_Via_Trieste-scaled.jpg&quot;},{&quot;id&quot;:8964,&quot;url&quot;:&quot;https:\\\/\\\/w2b.guru\\\/wp-content\\\/uploads\\\/Cover_Chiesa_di_San_Nicolo_da_Bari_von_oben-scaled.jpg&quot;},{&quot;id&quot;:8784,&quot;url&quot;:&quot;https:\\\/\\\/w2b.guru\\\/wp-content\\\/uploads\\\/Cover_Arena_di_Verona_innen_Halbotale-scaled.jpg&quot;},{&quot;id&quot;:8693,&quot;url&quot;:&quot;https:\\\/\\\/w2b.guru\\\/wp-content\\\/uploads\\\/Cover_Basilica_di_Santa_Anastasia_Torre_dei_Lamberti-scaled.jpg&quot;},{&quot;id&quot;:8686,&quot;url&quot;:&quot;https:\\\/\\\/w2b.guru\\\/wp-content\\\/uploads\\\/Cover_Ponte_Pietra_Torre_di_Ponte_Pietra-scaled.jpg&quot;},{&quot;id&quot;:8679,&quot;url&quot;:&quot;https:\\\/\\\/w2b.guru\\\/wp-content\\\/uploads\\\/Cover_Arena_di_Verona-scaled.jpg&quot;},{&quot;id&quot;:8574,&quot;url&quot;:&quot;https:\\\/\\\/w2b.guru\\\/wp-content\\\/uploads\\\/Cover_Parrocchia_di_San_Giorgio_in_Braida_Altstadt_Verona-scaled.jpg&quot;},{&quot;id&quot;:8533,&quot;url&quot;:&quot;https:\\\/\\\/w2b.guru\\\/wp-content\\\/uploads\\\/nashville_music_city_cover-scaled.jpg&quot;},{&quot;id&quot;:8116,&quot;url&quot;:&quot;https:\\\/\\\/w2b.guru\\\/wp-content\\\/uploads\\\/Savannah_cover-scaled.jpg&quot;},{&quot;id&quot;:3965,&quot;url&quot;:&quot;https:\\\/\\\/w2b.guru\\\/wp-content\\\/uploads\\\/gardasee_malcesine_monte-baldo_campione-del-garda_cover_portrait.jpg&quot;},{&quot;id&quot;:3951,&quot;url&quot;:&quot;https:\\\/\\\/w2b.guru\\\/wp-content\\\/uploads\\\/gardasee_malcesine_monte-baldo_campione-del-garda_cover.jpg&quot;},{&quot;id&quot;:3029,&quot;url&quot;:&quot;https:\\\/\\\/w2b.guru\\\/wp-content\\\/uploads\\\/canal-street_streetcar_nola_la_cover.jpg&quot;}],&quot;background_slideshow_slide_duration&quot;:3000,&quot;background_slideshow_transition_duration&quot;:750,&quot;background_slideshow_lazyload&quot;:&quot;yes&quot;,&quot;background_slideshow_loop&quot;:&quot;yes&quot;,&quot;background_slideshow_slide_transition&quot;:&quot;fade&quot;,&quot;sticky_on&quot;:[&quot;desktop&quot;,&quot;tablet_extra&quot;,&quot;tablet&quot;,&quot;mobile&quot;],&quot;sticky_offset&quot;:0,&quot;sticky_effects_offset&quot;:0,&quot;sticky_anchor_link_offset&quot;:0}\">\n\t\t\t\t<\/section>\n\t\t<section class=\"elementor-element elementor-element-6248017a e-flex e-con-boxed e-con e-child\" data-id=\"6248017a\" data-element_type=\"container\" data-e-type=\"container\" data-settings=\"{&quot;background_background&quot;:&quot;classic&quot;}\">\n\t\t\t\t\t<div class=\"e-con-inner\">\n\t\t<div class=\"elementor-element elementor-element-5e0808a e-flex e-con-boxed e-con e-child\" data-id=\"5e0808a\" data-element_type=\"container\" data-e-type=\"container\" data-settings=\"{&quot;background_background&quot;:&quot;classic&quot;}\">\n\t\t\t\t\t<div class=\"e-con-inner\">\n\t\t\t\t<div class=\"elementor-element elementor-element-630bef6 elementor-widget elementor-widget-heading\" data-id=\"630bef6\" data-element_type=\"widget\" data-e-type=\"widget\" data-widget_type=\"heading.default\">\n\t\t\t\t\t<h1 class=\"elementor-heading-title elementor-size-default\">Impressum<\/h1>\t\t\t\t<\/div>\n\t\t\t\t<div class=\"elementor-element elementor-element-c7a4ad3 elementor-widget elementor-widget-global elementor-global-14377 elementor-widget-spacer\" data-id=\"c7a4ad3\" data-element_type=\"widget\" data-e-type=\"widget\" data-widget_type=\"spacer.default\">\n\t\t\t\t\t\t\t<div class=\"elementor-spacer\">\n\t\t\t<div class=\"elementor-spacer-inner\"><\/div>\n\t\t<\/div>\n\t\t\t\t\t\t<\/div>\n\t\t\t\t<div class=\"elementor-element elementor-element-ab29cf4 elementor-widget elementor-widget-text-editor\" data-id=\"ab29cf4\" data-element_type=\"widget\" data-e-type=\"widget\" data-widget_type=\"text-editor.default\">\n\t\t\t\t\t\t\t\t\t<h3>Angaben gem\u00e4\u00df \u00a7 5&nbsp;TMG:<\/h3><p>Han\u00adnes Endre\u00df<\/p><p>Erlau\u00ader Stra\u00ad\u00dfe 1<br><span style=\"color: var( --e-global-color-887af76 ); font-size: var( --e-global-typography-aade0af-font-size ); letter-spacing: var( --e-global-typography-aade0af-letter-spacing ); word-spacing: var( --e-global-typography-aade0af-word-spacing ); background-color: var( --e-global-color-f4b4cc4 );\">96135 M\u00fch\u00adlen\u00addorf<\/span><\/p><p><span style=\"color: var( --e-global-color-887af76 ); font-size: var( --e-global-typography-aade0af-font-size ); letter-spacing: var( --e-global-typography-aade0af-letter-spacing ); word-spacing: var( --e-global-typography-aade0af-word-spacing ); background-color: var( --e-global-color-f4b4cc4 );\">E\u2011Mail:&nbsp;<\/span><span style=\"color: var( --e-global-color-887af76 ); font-size: var( --e-global-typography-aade0af-font-size ); letter-spacing: var( --e-global-typography-aade0af-letter-spacing ); word-spacing: var( --e-global-typography-aade0af-word-spacing ); background-color: var( --e-global-color-f4b4cc4 );\">webmaster@hainbuchenplatz.de<\/span><\/p><h3>Verantwortlich f\u00fcr den Inhalt nach \u00a7 55 Abs. 2&nbsp;RStV:<\/h3><p>Han\u00adnes Endre\u00df<\/p><p>Quel\u00adle: https:\/\/www.e\u2011recht24.de<\/p><h3>Haftungsausschluss (Disclaimer)<\/h3><h4>Haftung f\u00fcr Inhalte<\/h4><p>Als Diens\u00adte\u00adan\u00adbie\u00adter sind wir gem\u00e4\u00df \u00a7 7 Abs.1 TMG f\u00fcr eige\u00adne Inhal\u00adte auf die\u00adsen Sei\u00adten nach den all\u00adge\u00admei\u00adnen Geset\u00adzen ver\u00adant\u00adwort\u00adlich. Nach \u00a7\u00a7 8 bis 10 TMG sind wir als Diens\u00adte\u00adan\u00adbie\u00adter jedoch nicht ver\u00adpflich\u00adtet, \u00fcber\u00admit\u00adtel\u00adte oder gespei\u00adcher\u00adte frem\u00adde Infor\u00adma\u00adtio\u00adnen zu \u00fcber\u00adwa\u00adchen oder nach Umst\u00e4n\u00adden zu for\u00adschen, die auf eine rechts\u00adwid\u00adri\u00adge T\u00e4tig\u00adkeit hin\u00adwei\u00adsen. Ver\u00adpflich\u00adtun\u00adgen zur Ent\u00adfer\u00adnung oder Sper\u00adrung der Nut\u00adzung von Infor\u00adma\u00adtio\u00adnen nach den all\u00adge\u00admei\u00adnen Geset\u00adzen blei\u00adben hier\u00advon unbe\u00adr\u00fchrt. Eine dies\u00adbe\u00adz\u00fcg\u00adli\u00adche Haf\u00adtung ist jedoch erst ab dem Zeit\u00adpunkt der Kennt\u00adnis einer kon\u00adkre\u00adten Rechts\u00adver\u00adlet\u00adzung m\u00f6g\u00adlich. Bei Bekannt\u00adwer\u00adden von ent\u00adspre\u00adchen\u00adden Rechts\u00adver\u00adlet\u00adzun\u00adgen wer\u00adden wir die\u00adse Inhal\u00adte umge\u00adhend entfernen.<\/p><h4>Haftung f\u00fcr&nbsp;Links<\/h4><p>Unser Ange\u00adbot ent\u00adh\u00e4lt Links zu exter\u00adnen Web\u00adsei\u00adten Drit\u00adter, auf deren Inhal\u00adte wir kei\u00adnen Ein\u00adfluss haben. Des\u00adhalb k\u00f6n\u00adnen wir f\u00fcr die\u00adse frem\u00adden Inhal\u00adte auch kei\u00adne Gew\u00e4hr \u00fcber\u00adneh\u00admen. F\u00fcr die Inhal\u00adte der ver\u00adlink\u00adten Sei\u00adten ist stets der jewei\u00adli\u00adge Anbie\u00adter oder Betrei\u00adber der Sei\u00adten ver\u00adant\u00adwort\u00adlich. Die ver\u00adlink\u00adten Sei\u00adten wur\u00adden zum Zeit\u00adpunkt der Ver\u00adlin\u00adkung auf m\u00f6g\u00adli\u00adche Rechts\u00adver\u00adst\u00f6\u00ad\u00dfe \u00fcber\u00adpr\u00fcft. Rechts\u00adwid\u00adri\u00adge Inhal\u00adte waren zum Zeit\u00adpunkt der Ver\u00adlin\u00adkung nicht erkenn\u00adbar. Eine per\u00adma\u00adnen\u00adte inhalt\u00adli\u00adche Kon\u00adtrol\u00adle der ver\u00adlink\u00adten Sei\u00adten ist jedoch ohne kon\u00adkre\u00adte Anhalts\u00adpunk\u00adte einer Rechts\u00adver\u00adlet\u00adzung nicht zumut\u00adbar. Bei Bekannt\u00adwer\u00adden von Rechts\u00adver\u00adlet\u00adzun\u00adgen wer\u00adden wir der\u00adar\u00adti\u00adge Links umge\u00adhend entfernen.<\/p><h4>Urheberrecht<\/h4><p>Die durch die Sei\u00adten\u00adbe\u00adtrei\u00adber erstell\u00adten Inhal\u00adte und Wer\u00adke auf die\u00adsen Sei\u00adten unter\u00adlie\u00adgen dem deut\u00adschen Urhe\u00adber\u00adrecht. Die Ver\u00adviel\u00adf\u00e4l\u00adti\u00adgung, Bear\u00adbei\u00adtung, Ver\u00adbrei\u00adtung und jede Art der Ver\u00adwer\u00adtung au\u00dfer\u00adhalb der Gren\u00adzen des Urhe\u00adber\u00adrech\u00adtes bed\u00fcr\u00adfen der schrift\u00adli\u00adchen Zustim\u00admung des jewei\u00adli\u00adgen Autors bzw. Erstel\u00adlers. Down\u00adloads und Kopien die\u00adser Sei\u00adte sind nur f\u00fcr den pri\u00adva\u00adten, nicht kom\u00admer\u00adzi\u00adel\u00adlen Gebrauch gestat\u00adtet. Soweit die Inhal\u00adte auf die\u00adser Sei\u00adte nicht vom Betrei\u00adber erstellt wur\u00adden, wer\u00adden die Urhe\u00adber\u00adrech\u00adte Drit\u00adter beach\u00adtet. Ins\u00adbe\u00adson\u00adde\u00adre wer\u00adden Inhal\u00adte Drit\u00adter als sol\u00adche gekenn\u00adzeich\u00adnet. Soll\u00adten Sie trotz\u00addem auf eine Urhe\u00adber\u00adrechts\u00adver\u00adlet\u00adzung auf\u00admerk\u00adsam wer\u00adden, bit\u00adten wir um einen ent\u00adspre\u00adchen\u00adden Hin\u00adweis. Bei Bekannt\u00adwer\u00adden von Rechts\u00adver\u00adlet\u00adzun\u00adgen wer\u00adden wir der\u00adar\u00adti\u00adge Inhal\u00adte umge\u00adhend entfernen.<\/p>\t\t\t\t\t\t\t\t<\/div>\n\t\t\t\t\t<\/div>\n\t\t\t\t<\/div>\n\t\t\t\t\t<\/div>\n\t\t\t\t<\/section>\n\t\t\t\t<\/article>\n\t\t\t\t<\/main>\n\t\t\t\t<\/div>","protected":false},"excerpt":{"rendered":"<p>Impres\u00adsum Anga\u00adben gem\u00e4\u00df \u00a7 5 TMG: Han\u00adnes End\u00adre\u00df Erlau\u00ader Stra\u00ad\u00dfe 196135 M\u00fch\u00adlen\u00addorf E\u2011Mail:&nbsp;webmaster@hainbuchenplatz.de Ver\u00adant\u00adwort\u00adlich f\u00fcr den Inhalt nach \u00a7 55 Abs. 2 RStV: Han\u00adnes End\u00adre\u00df Quel\u00adle: https:\/\/www.e\u2011recht24.de Haf\u00adtungs\u00adaus\u00adschluss (Dis\u00adclai\u00admer) Haf\u00adtung f\u00fcr Inhal\u00adte Als Diens\u00adte\u00adan\u00adbie\u00adter sind wir gem\u00e4\u00df \u00a7 7 Abs.1 TMG f\u00fcr eige\u00adne Inhal\u00adte auf die\u00adsen Sei\u00adten nach den all\u00adge\u00admei\u00adnen Geset\u00adzen ver\u00adant\u00adwort\u00adlich. Nach \u00a7\u00a7&nbsp;8&nbsp;[\u2026]<\/p>","protected":false},"author":1,"featured_media":0,"parent":0,"menu_order":0,"comment_status":"closed","ping_status":"closed","template":"elementor_theme","meta":{"_acf_changed":false,"wp_typography_post_enhancements_disabled":false,"_sitemap_exclude":false,"_sitemap_priority":"","_sitemap_frequency":"","_monsterinsights_skip_tracking":false,"_monsterinsights_sitenote_active":false,"_monsterinsights_sitenote_note":"","_monsterinsights_sitenote_category":0,"footnotes":""},"categories":[],"tags":[],"class_list":["post-3549","page","type-page","status-publish","hentry"],"acf":[],"yoast_head":"<!-- This site is optimized with the Yoast SEO plugin v26.9 - https:\/\/yoast.com\/product\/yoast-seo-wordpress\/ -->\n<title>Impressum - nePPomuk Photographie<\/title>\n<meta name=\"robots\" content=\"index, follow, max-snippet:-1, max-image-preview:large, max-video-preview:-1\" \/>\n<link rel=\"canonical\" href=\"https:\/\/w2b.guru\/en\/impressum\/\" \/>\n<meta property=\"og:locale\" content=\"en_US\" \/>\n<meta property=\"og:type\" content=\"article\" \/>\n<meta property=\"og:title\" content=\"Impressum - nePPomuk Photographie\" \/>\n<meta property=\"og:description\" content=\"Impressum Angaben gem\u00e4\u00df \u00a7 5 TMG: Hannes Endre\u00df Erlauer Stra\u00dfe 196135 M\u00fchlendorf E-Mail:\u00a0webmaster@hainbuchenplatz.de Verantwortlich f\u00fcr den Inhalt nach \u00a7 55 Abs. 2 RStV: Hannes Endre\u00df Quelle: https:\/\/www.e-recht24.de Haftungsausschluss (Disclaimer) Haftung f\u00fcr Inhalte Als Diensteanbieter sind wir gem\u00e4\u00df \u00a7 7 Abs.1 TMG f\u00fcr eigene Inhalte auf diesen Seiten nach den allgemeinen Gesetzen verantwortlich. Nach \u00a7\u00a7 8 [&hellip;]\" \/>\n<meta property=\"og:url\" content=\"https:\/\/w2b.guru\/en\/impressum\/\" \/>\n<meta property=\"og:site_name\" content=\"nePPomuk Photographie\" \/>\n<meta property=\"article:modified_time\" content=\"2026-02-13T14:12:44+00:00\" \/>\n<meta name=\"twitter:card\" content=\"summary_large_image\" \/>\n<meta name=\"twitter:label1\" content=\"Est. reading time\" \/>\n\t<meta name=\"twitter:data1\" content=\"2 minutes\" \/>\n<script type=\"application\/ld+json\" class=\"yoast-schema-graph\">{\"@context\":\"https:\/\/schema.org\",\"@graph\":[{\"@type\":\"Article\",\"@id\":\"https:\/\/w2b.guru\/impressum\/#article\",\"isPartOf\":{\"@id\":\"https:\/\/w2b.guru\/impressum\/\"},\"author\":{\"name\":\"Hannes \\\"nePPomuk\\\" Endre\u00df\",\"@id\":\"https:\/\/w2b.guru\/#\/schema\/person\/cf08ea4f69dc8f28e229f4b589642289\"},\"headline\":\"Impressum\",\"datePublished\":\"2022-08-16T18:19:10+00:00\",\"dateModified\":\"2026-02-13T14:12:44+00:00\",\"mainEntityOfPage\":{\"@id\":\"https:\/\/w2b.guru\/impressum\/\"},\"wordCount\":336,\"publisher\":{\"@id\":\"https:\/\/w2b.guru\/#\/schema\/person\/cf08ea4f69dc8f28e229f4b589642289\"},\"inLanguage\":\"en-US\"},{\"@type\":\"WebPage\",\"@id\":\"https:\/\/w2b.guru\/impressum\/\",\"url\":\"https:\/\/w2b.guru\/impressum\/\",\"name\":\"Impressum - nePPomuk Photographie\",\"isPartOf\":{\"@id\":\"https:\/\/w2b.guru\/#website\"},\"datePublished\":\"2022-08-16T18:19:10+00:00\",\"dateModified\":\"2026-02-13T14:12:44+00:00\",\"breadcrumb\":{\"@id\":\"https:\/\/w2b.guru\/impressum\/#breadcrumb\"},\"inLanguage\":\"en-US\",\"potentialAction\":[{\"@type\":\"ReadAction\",\"target\":[\"https:\/\/w2b.guru\/impressum\/\"]}]},{\"@type\":\"BreadcrumbList\",\"@id\":\"https:\/\/w2b.guru\/impressum\/#breadcrumb\",\"itemListElement\":[{\"@type\":\"ListItem\",\"position\":1,\"name\":\"Startseite\",\"item\":\"https:\/\/w2b.guru\/\"},{\"@type\":\"ListItem\",\"position\":2,\"name\":\"Impressum\"}]},{\"@type\":\"WebSite\",\"@id\":\"https:\/\/w2b.guru\/#website\",\"url\":\"https:\/\/w2b.guru\/\",\"name\":\"nePPomuk Photographie\",\"description\":\"Ein fr\u00e4nkischer Nasenb\u00e4r sieht die Welt ...\",\"publisher\":{\"@id\":\"https:\/\/w2b.guru\/#\/schema\/person\/cf08ea4f69dc8f28e229f4b589642289\"},\"potentialAction\":[{\"@type\":\"SearchAction\",\"target\":{\"@type\":\"EntryPoint\",\"urlTemplate\":\"https:\/\/w2b.guru\/?s={search_term_string}\"},\"query-input\":{\"@type\":\"PropertyValueSpecification\",\"valueRequired\":true,\"valueName\":\"search_term_string\"}}],\"inLanguage\":\"en-US\"},{\"@type\":[\"Person\",\"Organization\"],\"@id\":\"https:\/\/w2b.guru\/#\/schema\/person\/cf08ea4f69dc8f28e229f4b589642289\",\"name\":\"Hannes \\\"nePPomuk\\\" Endre\u00df\",\"image\":{\"@type\":\"ImageObject\",\"inLanguage\":\"en-US\",\"@id\":\"https:\/\/w2b.guru\/#\/schema\/person\/image\/\",\"url\":\"https:\/\/secure.gravatar.com\/avatar\/b7aeed86ab5d6a5a22ffe4077fda0fdd87277290825c11fdbf1a8d1432347ab4?s=96&d=mm&r=g\",\"contentUrl\":\"https:\/\/secure.gravatar.com\/avatar\/b7aeed86ab5d6a5a22ffe4077fda0fdd87277290825c11fdbf1a8d1432347ab4?s=96&d=mm&r=g\",\"caption\":\"Hannes \\\"nePPomuk\\\" Endre\u00df\"},\"logo\":{\"@id\":\"https:\/\/w2b.guru\/#\/schema\/person\/image\/\"},\"sameAs\":[\"https:\/\/w2b.guru\"],\"url\":\"https:\/\/w2b.guru\/en\/author\/neppomuk\/\"}]}<\/script>\n<!-- \/ Yoast SEO plugin. -->","yoast_head_json":{"title":"Impres\u00adsum\u2009\u2014\u2009neP\u00adPo\u00admuk Photographie","robots":{"index":"index","follow":"follow","max-snippet":"max-snippet:-1","max-image-preview":"max-image-preview:large","max-video-preview":"max-video-preview:-1"},"canonical":"https:\/\/w2b.guru\/en\/impressum\/","og_locale":"en_US","og_type":"article","og_title":"Impressum - nePPomuk Photographie","og_description":"Impressum Angaben gem\u00e4\u00df \u00a7 5 TMG: Hannes Endre\u00df Erlauer Stra\u00dfe 196135 M\u00fchlendorf E-Mail:\u00a0webmaster@hainbuchenplatz.de Verantwortlich f\u00fcr den Inhalt nach \u00a7 55 Abs. 2 RStV: Hannes Endre\u00df Quelle: https:\/\/www.e-recht24.de Haftungsausschluss (Disclaimer) Haftung f\u00fcr Inhalte Als Diensteanbieter sind wir gem\u00e4\u00df \u00a7 7 Abs.1 TMG f\u00fcr eigene Inhalte auf diesen Seiten nach den allgemeinen Gesetzen verantwortlich. Nach \u00a7\u00a7 8 [&hellip;]","og_url":"https:\/\/w2b.guru\/en\/impressum\/","og_site_name":"nePPomuk Photographie","article_modified_time":"2026-02-13T14:12:44+00:00","twitter_card":"summary_large_image","twitter_misc":{"Est. reading time":"2 minutes"},"schema":{"@context":"https:\/\/schema.org","@graph":[{"@type":"Article","@id":"https:\/\/w2b.guru\/impressum\/#article","isPartOf":{"@id":"https:\/\/w2b.guru\/impressum\/"},"author":{"name":"Hannes \"nePPomuk\" Endre\u00df","@id":"https:\/\/w2b.guru\/#\/schema\/person\/cf08ea4f69dc8f28e229f4b589642289"},"headline":"Impressum","datePublished":"2022-08-16T18:19:10+00:00","dateModified":"2026-02-13T14:12:44+00:00","mainEntityOfPage":{"@id":"https:\/\/w2b.guru\/impressum\/"},"wordCount":336,"publisher":{"@id":"https:\/\/w2b.guru\/#\/schema\/person\/cf08ea4f69dc8f28e229f4b589642289"},"inLanguage":"en-US"},{"@type":"WebPage","@id":"https:\/\/w2b.guru\/impressum\/","url":"https:\/\/w2b.guru\/impressum\/","name":"Impres\u00adsum\u2009\u2014\u2009neP\u00adPo\u00admuk Photographie","isPartOf":{"@id":"https:\/\/w2b.guru\/#website"},"datePublished":"2022-08-16T18:19:10+00:00","dateModified":"2026-02-13T14:12:44+00:00","breadcrumb":{"@id":"https:\/\/w2b.guru\/impressum\/#breadcrumb"},"inLanguage":"en-US","potentialAction":[{"@type":"ReadAction","target":["https:\/\/w2b.guru\/impressum\/"]}]},{"@type":"BreadcrumbList","@id":"https:\/\/w2b.guru\/impressum\/#breadcrumb","itemListElement":[{"@type":"ListItem","position":1,"name":"Startseite","item":"https:\/\/w2b.guru\/"},{"@type":"ListItem","position":2,"name":"Impressum"}]},{"@type":"WebSite","@id":"https:\/\/w2b.guru\/#website","url":"https:\/\/w2b.guru\/","name":"neP\u00adPo\u00admuk Photographie","description":"Ein fr\u00e4n\u00adki\u00adscher Nasen\u00adb\u00e4r sieht die&nbsp;Welt&nbsp;\u2026","publisher":{"@id":"https:\/\/w2b.guru\/#\/schema\/person\/cf08ea4f69dc8f28e229f4b589642289"},"potentialAction":[{"@type":"SearchAction","target":{"@type":"EntryPoint","urlTemplate":"https:\/\/w2b.guru\/?s={search_term_string}"},"query-input":{"@type":"PropertyValueSpecification","valueRequired":true,"valueName":"search_term_string"}}],"inLanguage":"en-US"},{"@type":["Person","Organization"],"@id":"https:\/\/w2b.guru\/#\/schema\/person\/cf08ea4f69dc8f28e229f4b589642289","name":"Han\u00adnes \u201cneP\u00adPo\u00admuk\u201d Endre\u00df","image":{"@type":"ImageObject","inLanguage":"en-US","@id":"https:\/\/w2b.guru\/#\/schema\/person\/image\/","url":"https:\/\/secure.gravatar.com\/avatar\/b7aeed86ab5d6a5a22ffe4077fda0fdd87277290825c11fdbf1a8d1432347ab4?s=96&d=mm&r=g","contentUrl":"https:\/\/secure.gravatar.com\/avatar\/b7aeed86ab5d6a5a22ffe4077fda0fdd87277290825c11fdbf1a8d1432347ab4?s=96&d=mm&r=g","caption":"Hannes \"nePPomuk\" Endre\u00df"},"logo":{"@id":"https:\/\/w2b.guru\/#\/schema\/person\/image\/"},"sameAs":["https:\/\/w2b.guru"],"url":"https:\/\/w2b.guru\/en\/author\/neppomuk\/"}]}},"_links":{"self":[{"href":"https:\/\/w2b.guru\/en\/wp-json\/wp\/v2\/pages\/3549","targetHints":{"allow":["GET"]}}],"collection":[{"href":"https:\/\/w2b.guru\/en\/wp-json\/wp\/v2\/pages"}],"about":[{"href":"https:\/\/w2b.guru\/en\/wp-json\/wp\/v2\/types\/page"}],"author":[{"embeddable":true,"href":"https:\/\/w2b.guru\/en\/wp-json\/wp\/v2\/users\/1"}],"replies":[{"embeddable":true,"href":"https:\/\/w2b.guru\/en\/wp-json\/wp\/v2\/comments?post=3549"}],"version-history":[{"count":10,"href":"https:\/\/w2b.guru\/en\/wp-json\/wp\/v2\/pages\/3549\/revisions"}],"predecessor-version":[{"id":16162,"href":"https:\/\/w2b.guru\/en\/wp-json\/wp\/v2\/pages\/3549\/revisions\/16162"}],"wp:attachment":[{"href":"https:\/\/w2b.guru\/en\/wp-json\/wp\/v2\/media?parent=3549"}],"wp:term":[{"taxonomy":"category","embeddable":true,"href":"https:\/\/w2b.guru\/en\/wp-json\/wp\/v2\/categories?post=3549"},{"taxonomy":"post_tag","embeddable":true,"href":"https:\/\/w2b.guru\/en\/wp-json\/wp\/v2\/tags?post=3549"}],"curies":[{"name":"wp","href":"https:\/\/api.w.org\/{rel}","templated":true}]}}